{"id":1040,"date":"2025-01-13T09:51:00","date_gmt":"2025-01-13T09:51:00","guid":{"rendered":"https:\/\/new.projectus-grupa.hr\/?page_id=1040"},"modified":"2025-10-20T11:06:59","modified_gmt":"2025-10-20T09:06:59","slug":"interpreting-services","status":"publish","type":"page","link":"https:\/\/projectus-grupa.hr\/en\/usmeni-prijevodi\/","title":{"rendered":"Interpreting"},"content":{"rendered":"<section class=\"bde-section-1040-144 bde-section\">\n  \n  \n\t\n\n\n\n<div class=\"section-container\"><div class=\"bde-div-1040-145 bde-div\">\n  \n  \n\t\n\n\n\n\n<\/div><div class=\"bde-div-1040-146 bde-div\">\n  \n  \n\t\n\n\n\n\n<\/div><div class=\"bde-div-1040-147 bde-div\">\n  \n  \n\t\n\n\n\n<div class=\"bde-div-1040-148 bde-div\">\n  \n  \n\t\n\n\n\n<div class=\"bde-div-1040-149 bde-div\">\n  \n  \n\t\n\n\n\n<h1 class=\"bde-heading-1040-150 bde-heading\">\nUsmeni prijevodi\n<\/h1>\n<\/div><div class=\"bde-text-1040-152 bde-text\">\nOnline ili u\u017eivo, na\u0161i simultani prevoditelji garancija su razumijevanja\n<\/div><a class=\"bde-container-link-1040-178 bde-container-link breakdance-link\" href=\"https:\/\/projectus-grupa.hr\/usmeni-prijevodi\/#kontakt\" target=\"_self\" data-type=\"url\">\n  \n  \n\t\n\n\n\n<div class=\"bde-div-1040-179 bde-div\">\n  \n  \n\t\n\n\n\n<div class=\"bde-text-1040-180 bde-text\">\nPo\u0161aljite upit\n<\/div>\n<\/div>\n\n<\/a>\n<\/div><div class=\"bde-div-1040-153 bde-div\">\n  \n  \n\t\n\n\n\n<div class=\"bde-image-1040-154 bde-image\">\n<figure class=\"breakdance-image breakdance-image--1249\">\n\t<div class=\"breakdance-image-container\">\n\t\t<div class=\"breakdance-image-clip\"><img loading=\"lazy\" decoding=\"async\" class=\"breakdance-image-object\" src=\"https:\/\/projectus-grupa.hr\/wp-content\/uploads\/2025\/01\/01-usmeni-prijevodi-slika1.webp\" width=\"800\" height=\"533\" srcset=\"https:\/\/projectus-grupa.hr\/wp-content\/uploads\/2025\/01\/01-usmeni-prijevodi-slika1.webp 800w, https:\/\/projectus-grupa.hr\/wp-content\/uploads\/2025\/01\/01-usmeni-prijevodi-slika1-300x200.webp 300w, https:\/\/projectus-grupa.hr\/wp-content\/uploads\/2025\/01\/01-usmeni-prijevodi-slika1-768x512.webp 768w, https:\/\/projectus-grupa.hr\/wp-content\/uploads\/2025\/01\/01-usmeni-prijevodi-slika1-18x12.webp 18w\" sizes=\"auto, (max-width: 800px) 100vw, 800px\"><\/div>\n\t<\/div><\/figure>\n\n<\/div>\n<\/div>\n<\/div><\/div>\n<\/section><section class=\"bde-section-1040-108 bde-section\">\n  \n  \n\t\n\n\n\n<div class=\"section-container\"><div id=\"simultano-prevodjenje\" class=\"bde-columns-1040-109 bde-columns\"><div class=\"bde-column-1040-110 bde-column\">\n  \n  \n\t\n\n\n\n<div class=\"bde-image-1040-112 bde-image\">\n<figure class=\"breakdance-image breakdance-image--1281\">\n\t<div class=\"breakdance-image-container\">\n\t\t<div class=\"breakdance-image-clip\"><img loading=\"lazy\" decoding=\"async\" class=\"breakdance-image-object\" src=\"https:\/\/projectus-grupa.hr\/wp-content\/uploads\/2025\/01\/03-usmeni-prijevod-1.webp\" width=\"800\" height=\"531\" srcset=\"https:\/\/projectus-grupa.hr\/wp-content\/uploads\/2025\/01\/03-usmeni-prijevod-1.webp 800w, https:\/\/projectus-grupa.hr\/wp-content\/uploads\/2025\/01\/03-usmeni-prijevod-1-300x199.webp 300w, https:\/\/projectus-grupa.hr\/wp-content\/uploads\/2025\/01\/03-usmeni-prijevod-1-768x510.webp 768w, https:\/\/projectus-grupa.hr\/wp-content\/uploads\/2025\/01\/03-usmeni-prijevod-1-18x12.webp 18w\" sizes=\"auto, (max-width: 800px) 100vw, 800px\"><\/div>\n\t<\/div><\/figure>\n\n<\/div>\n<\/div><div class=\"bde-column-1040-111 bde-column\">\n  \n  \n\t\n\n\n\n<h2 class=\"bde-heading-1040-113 bde-heading\">\nSimultano prevo\u0111enje konferencija, sastanaka i prezentacija \n<\/h2><div class=\"bde-div-1040-155 bde-div\">\n  \n  \n\t\n\n\n\n<div class=\"bde-text-1040-114 bde-text\">\nNa va\u0161oj lokaciji sa svom potrebnom opremom ili online, na vi\u0161e jezika istovremeno, Projectus grupa osigurava razumijevanje u realnom vremenu za sve sudionike.  \n<\/div><div class=\"bde-text-1040-115 bde-text\">\nNa\u0161i simultani prevoditelji imaju sate i sate prijevoda \u201eu nogama\u201d uz zavidno poznavanje specifi\u010dnih tematika raznih industrija i poslovnih subjekata.\n<\/div>\n<\/div>\n<\/div><\/div><div id=\"konsekutivno-prevodjenje\" class=\"bde-columns-1040-116 bde-columns\"><div class=\"bde-column-1040-119 bde-column\">\n  \n  \n\t\n\n\n\n<h2 class=\"bde-heading-1040-120 bde-heading\">\nKonsekutivno prevo\u0111enje  govora na prezentacijama, ve\u010derama, konferencijama\n<\/h2><div class=\"bde-div-1040-156 bde-div\">\n  \n  \n\t\n\n\n\n<div class=\"bde-text-1040-121 bde-text\">\nPri konsekutivnom prijevodu govornik radi stanke kako bi prevoditelju omogu\u0107io prijenos sadr\u017eaja izre\u010denog teksta na ciljni jezik.\n<\/div><div class=\"bde-text-1040-122 bde-text\">\nZa konsekutivno prevo\u0111enje nije potrebna posebna oprema, ali va\u0161 prevoditelj mora biti fokusiran, slu\u0161ati, bilje\u017eiti i prevoditi na ciljni jezik u gotovo pa stvarnom vremenu.\n<\/div>\n<\/div>\n<\/div><div class=\"bde-column-1040-117 bde-column\">\n  \n  \n\t\n\n\n\n<div class=\"bde-image-1040-118 bde-image\">\n<figure class=\"breakdance-image breakdance-image--1283\">\n\t<div class=\"breakdance-image-container\">\n\t\t<div class=\"breakdance-image-clip\"><img loading=\"lazy\" decoding=\"async\" class=\"breakdance-image-object\" src=\"https:\/\/projectus-grupa.hr\/wp-content\/uploads\/2025\/01\/03-usmeni-prijevod-3.webp\" width=\"801\" height=\"531\" srcset=\"https:\/\/projectus-grupa.hr\/wp-content\/uploads\/2025\/01\/03-usmeni-prijevod-3.webp 801w, https:\/\/projectus-grupa.hr\/wp-content\/uploads\/2025\/01\/03-usmeni-prijevod-3-300x199.webp 300w, https:\/\/projectus-grupa.hr\/wp-content\/uploads\/2025\/01\/03-usmeni-prijevod-3-768x509.webp 768w, https:\/\/projectus-grupa.hr\/wp-content\/uploads\/2025\/01\/03-usmeni-prijevod-3-18x12.webp 18w\" sizes=\"auto, (max-width: 801px) 100vw, 801px\"><\/div>\n\t<\/div><\/figure>\n\n<\/div>\n<\/div><\/div><div id=\"saptano-prevodjenje\" class=\"bde-columns-1040-123 bde-columns\"><div class=\"bde-column-1040-124 bde-column\">\n  \n  \n\t\n\n\n\n<div class=\"bde-image-1040-125 bde-image\">\n<figure class=\"breakdance-image breakdance-image--1282\">\n\t<div class=\"breakdance-image-container\">\n\t\t<div class=\"breakdance-image-clip\"><img loading=\"lazy\" decoding=\"async\" class=\"breakdance-image-object\" src=\"https:\/\/projectus-grupa.hr\/wp-content\/uploads\/2025\/01\/03-usmeni-prijevod-2.webp\" width=\"801\" height=\"531\" srcset=\"https:\/\/projectus-grupa.hr\/wp-content\/uploads\/2025\/01\/03-usmeni-prijevod-2.webp 801w, https:\/\/projectus-grupa.hr\/wp-content\/uploads\/2025\/01\/03-usmeni-prijevod-2-300x199.webp 300w, https:\/\/projectus-grupa.hr\/wp-content\/uploads\/2025\/01\/03-usmeni-prijevod-2-768x509.webp 768w, https:\/\/projectus-grupa.hr\/wp-content\/uploads\/2025\/01\/03-usmeni-prijevod-2-18x12.webp 18w\" sizes=\"auto, (max-width: 801px) 100vw, 801px\"><\/div>\n\t<\/div><\/figure>\n\n<\/div>\n<\/div><div class=\"bde-column-1040-126 bde-column\">\n  \n  \n\t\n\n\n\n<h2 class=\"bde-heading-1040-127 bde-heading\">\n\u0160aptano prevo\u0111enje (chuchotage) na sastancima,  obilascima ureda i drugim doga\u0111anjima\n<\/h2><div class=\"bde-div-1040-157 bde-div\">\n  \n  \n\t\n\n\n\n<div class=\"bde-text-1040-128 bde-text\">\nU terenskim okolnostima ili kad nema mjesta ni vremena za simultano ili konsekutivno prevo\u0111enje, na\u0161i prevoditelji mogu raditi chuchotage tako da sjede ili stoje kraj osobe kojoj je potreban prijevod i na uho joj \u0161ap\u0107u prevedeni govor.\n<\/div><div class=\"bde-text-1040-129 bde-text\">\nIdeja je takvim pristupom izbje\u0107i ometanje grupe i drugih sudionika sastanka ili konferencije.<br>Prevo\u0111enje se odvija u realnom vremenu i nije potrebna posebna tehni\u010dka oprema.\n<\/div>\n<\/div>\n<\/div><\/div><\/div>\n<\/section><section class=\"bde-section-1040-130 bde-section\">\n  \n  \n\t\n\n\n\n<div class=\"section-container\"><div class=\"bde-div-1040-158 bde-div\">\n  \n  \n\t\n\n\n\n<h2 class=\"bde-heading-1040-131 bde-heading\">\nTreba vam usmeni prijevod?\n<\/h2>\n<\/div><div class=\"bde-div-1040-132 bde-div\">\n  \n  \n\t\n\n\n\n<a class=\"bde-container-link-1040-133 bde-container-link breakdance-link\" href=\"https:\/\/projectus-grupa.hr\/usmeni-prijevodi\/#kontakt\" target=\"_self\" data-type=\"url\">\n  \n  \n\t\n\n\n\n<div class=\"bde-div-1040-134 bde-div\">\n  \n  \n\t\n\n\n\n<div class=\"bde-text-1040-135 bde-text\">\nPo\u0161aljite upit\n<\/div>\n<\/div>\n\n<\/a>\n<\/div><\/div>\n<\/section><section class=\"bde-section-1040-182 bde-section\">\n  \n  \n\t\n\n\n\n<div class=\"section-container\"><div class=\"bde-fancy-testimonial-1040-183 bde-fancy-testimonial\">\n<div class='bde-fancy-testimonial_content'>\n    <div class='bde-fancy-testimonial_title' >\n    Iskustvo korisnika\n  <\/div>\n  \n  <div class='bde-fancy-testimonial_text'>\n        <div class=\"bde-fancy-testimonial_quote\" aria-hidden=\"true\"><svg xmlns=\"http:\/\/www.w3.org\/2000\/svg\" id=\"icon-quotes-left\" viewBox=\"0 0 32 32\">\r\n<path d=\"M7.031 14c3.866 0 7 3.134 7 7s-3.134 7-7 7-7-3.134-7-7l-0.031-1c0-7.732 6.268-14 14-14v4c-2.671 0-5.182 1.040-7.071 2.929-0.364 0.364-0.695 0.751-0.995 1.157 0.357-0.056 0.724-0.086 1.097-0.086zM25.031 14c3.866 0 7 3.134 7 7s-3.134 7-7 7-7-3.134-7-7l-0.031-1c0-7.732 6.268-14 14-14v4c-2.671 0-5.182 1.040-7.071 2.929-0.364 0.364-0.695 0.751-0.995 1.157 0.358-0.056 0.724-0.086 1.097-0.086z\"\/>\r\n<\/svg><\/div>\n    <div class=\"bde-fancy-testimonial_quote\" aria-hidden=\"true\"><svg xmlns=\"http:\/\/www.w3.org\/2000\/svg\" id=\"icon-quotes-left\" viewBox=\"0 0 32 32\">\r\n<path d=\"M7.031 14c3.866 0 7 3.134 7 7s-3.134 7-7 7-7-3.134-7-7l-0.031-1c0-7.732 6.268-14 14-14v4c-2.671 0-5.182 1.040-7.071 2.929-0.364 0.364-0.695 0.751-0.995 1.157 0.357-0.056 0.724-0.086 1.097-0.086zM25.031 14c3.866 0 7 3.134 7 7s-3.134 7-7 7-7-3.134-7-7l-0.031-1c0-7.732 6.268-14 14-14v4c-2.671 0-5.182 1.040-7.071 2.929-0.364 0.364-0.695 0.751-0.995 1.157 0.358-0.056 0.724-0.086 1.097-0.086z\"\/>\r\n<\/svg><\/div>\n        <p  class='bde-fancy-testimonial_text_text'>The translation quality was outstanding, and the turnaround time was incredibly fast. Highly professional service!<\/p>\n  <\/div>\n              <div class='bde-fancy-testimonial_rate' role=\"img\" aria-label=\"5 out of 5 stars\">\n                          <svg aria-hidden=\"true\" xmlns=\"http:\/\/www.w3.org\/2000\/svg\" viewBox=\"0 0 576 512\"><path d=\"M259.3 17.8L194 150.2 47.9 171.5c-26.2 3.8-36.7 36.1-17.7 54.6l105.7 103-25 145.5c-4.5 26.3 23.2 46 46.4 33.7L288 439.6l130.7 68.7c23.2 12.2 50.9-7.4 46.4-33.7l-25-145.5 105.7-103c19-18.5 8.5-50.8-17.7-54.6L382 150.2 316.7 17.8c-11.7-23.6-45.6-23.9-57.4 0z\"\/><\/svg>\n\n                                  <svg aria-hidden=\"true\" xmlns=\"http:\/\/www.w3.org\/2000\/svg\" viewBox=\"0 0 576 512\"><path d=\"M259.3 17.8L194 150.2 47.9 171.5c-26.2 3.8-36.7 36.1-17.7 54.6l105.7 103-25 145.5c-4.5 26.3 23.2 46 46.4 33.7L288 439.6l130.7 68.7c23.2 12.2 50.9-7.4 46.4-33.7l-25-145.5 105.7-103c19-18.5 8.5-50.8-17.7-54.6L382 150.2 316.7 17.8c-11.7-23.6-45.6-23.9-57.4 0z\"\/><\/svg>\n\n                                  <svg aria-hidden=\"true\" xmlns=\"http:\/\/www.w3.org\/2000\/svg\" viewBox=\"0 0 576 512\"><path d=\"M259.3 17.8L194 150.2 47.9 171.5c-26.2 3.8-36.7 36.1-17.7 54.6l105.7 103-25 145.5c-4.5 26.3 23.2 46 46.4 33.7L288 439.6l130.7 68.7c23.2 12.2 50.9-7.4 46.4-33.7l-25-145.5 105.7-103c19-18.5 8.5-50.8-17.7-54.6L382 150.2 316.7 17.8c-11.7-23.6-45.6-23.9-57.4 0z\"\/><\/svg>\n\n                                  <svg aria-hidden=\"true\" xmlns=\"http:\/\/www.w3.org\/2000\/svg\" viewBox=\"0 0 576 512\"><path d=\"M259.3 17.8L194 150.2 47.9 171.5c-26.2 3.8-36.7 36.1-17.7 54.6l105.7 103-25 145.5c-4.5 26.3 23.2 46 46.4 33.7L288 439.6l130.7 68.7c23.2 12.2 50.9-7.4 46.4-33.7l-25-145.5 105.7-103c19-18.5 8.5-50.8-17.7-54.6L382 150.2 316.7 17.8c-11.7-23.6-45.6-23.9-57.4 0z\"\/><\/svg>\n\n                                  <svg aria-hidden=\"true\" xmlns=\"http:\/\/www.w3.org\/2000\/svg\" viewBox=\"0 0 576 512\"><path d=\"M259.3 17.8L194 150.2 47.9 171.5c-26.2 3.8-36.7 36.1-17.7 54.6l105.7 103-25 145.5c-4.5 26.3 23.2 46 46.4 33.7L288 439.6l130.7 68.7c23.2 12.2 50.9-7.4 46.4-33.7l-25-145.5 105.7-103c19-18.5 8.5-50.8-17.7-54.6L382 150.2 316.7 17.8c-11.7-23.6-45.6-23.9-57.4 0z\"\/><\/svg>\n\n                  <\/div>\n      <div class='bde-fancy-testimonial_name' >\n    Sandra Buchholz\n  <\/div>\n      <div class='bde-fancy-testimonial_occupation' >\n    Sundair GmbH\n  <\/div>\n    <\/div>\n\n<\/div><\/div>\n<\/section><section id=\"kontakt\" class=\"bde-section-1040-170 bde-section\">\n  \n  \n\t\n\n\n\n<div class=\"section-container\"><div class=\"bde-div-1040-171 bde-div\">\n  \n  \n\t\n\n\n\n<div class=\"bde-columns-1040-172 bde-columns\"><div class=\"bde-column-1040-173 bde-column\">\n  \n  \n\t\n\n\n\n<h3 class=\"bde-heading-1040-174 bde-heading\">\nZanima vas neka od usluga?\n<\/h3><div class=\"bde-text-1040-184 bde-text\">\nIspunite obrazac i javiti \u0107emo vam se u najkra\u0107em roku.\n<\/div>\n<\/div><div class=\"bde-column-1040-176 bde-column\">\n  \n  \n\t\n\n\n\n<div class=\"bde-code-block-1040-181 bde-code-block\">\n\n\n\n<\/div><div class=\"bde-shortcode-1040-177 bde-shortcode\"><div class='fluentform ff-default fluentform_wrapper_5 ffs_custom_wrap'><form data-form_id=\"5\" id=\"fluentform_5\" class=\"frm-fluent-form fluent_form_5 ff-el-form-top ff_form_instance_5_1 ff-form-loading ffs_custom\" data-form_instance=\"ff_form_instance_5_1\" method=\"POST\" data-turnstile_key=\"0x4AAAAAAA_glxG7bOFt0OWL\" ><fieldset  style=\"border: none!important;margin: 0!important;padding: 0!important;background-color: transparent!important;box-shadow: none!important;outline: none!important; min-inline-size: 100%;\">\n                    <legend class=\"ff_screen_reader_title\" style=\"display: block; margin: 0!important;padding: 0!important;height: 0!important;text-indent: -999999px;width: 0!important;overflow:hidden;\">Kontakt forma Usluga<\/legend><input type='hidden' name='__fluent_form_embded_post_id' value='1040' \/><input type=\"hidden\" id=\"_fluentform_5_fluentformnonce\" name=\"_fluentform_5_fluentformnonce\" value=\"df91c5f9f7\" \/><input type=\"hidden\" name=\"_wp_http_referer\" value=\"\/en\/wp-json\/wp\/v2\/pages\/1040\" \/><div class='ff-el-group'><div class=\"ff-el-input--label ff-el-is-required asterisk-right\"><label for='ff_5_email' id='label_ff_5_email' aria-label=\"Email\">Email<\/label><\/div><div class='ff-el-input--content'><input type=\"email\" name=\"email\" id=\"ff_5_email\" class=\"ff-el-form-control\" data-name=\"email\"  aria-invalid=\"false\" aria-required=true><\/div><\/div><div data-type=\"name-element\" data-name=\"names\" class=\" ff-field_container ff-name-field-wrapper\" ><div class='ff-t-container'><div class='ff-t-cell '><div class='ff-el-group'><div class=\"ff-el-input--label ff-el-is-required asterisk-right\"><label for='ff_5_names_first_name_' id='label_ff_5_names_first_name_' >Ime i prezime<\/label><\/div><div class='ff-el-input--content'><input type=\"text\" name=\"names[first_name]\" id=\"ff_5_names_first_name_\" class=\"ff-el-form-control\" aria-invalid=\"false\" aria-required=true><\/div><\/div><\/div><\/div><\/div><div class='ff-el-group'><div class=\"ff-el-input--label asterisk-right\"><label for='ff_5_input_text' id='label_ff_5_input_text' aria-label=\"Telefon\">Telefon<\/label><\/div><div class='ff-el-input--content'><input type=\"text\" name=\"input_text\" class=\"ff-el-form-control\" data-name=\"input_text\" id=\"ff_5_input_text\"  aria-invalid=\"false\" aria-required=false><\/div><\/div><div class='ff-el-group'><div class=\"ff-el-input--label asterisk-right\"><label for='ff_5_message' id='label_ff_5_message' aria-label=\"Va\u0161a poruka\">Va\u0161a poruka<\/label><\/div><div class='ff-el-input--content'><textarea aria-required=\"false\" aria-labelledby=\"label_ff_5_message\" name=\"message\" id=\"ff_5_message\" class=\"ff-el-form-control\" rows=\"4\" cols=\"2\" data-name=\"message\" ><\/textarea><\/div><\/div><div class='ff-el-group'><div class='ff-el-input--content'><label for='ff_5_file-upload_1' class='ff_file_upload_holder'><span class='ff_upload_btn ff-btn' tabindex='0'>Odaberite datoteku<\/span> <input type=\"file\" name=\"file-upload\" id=\"ff_5_file-upload_1\" class=\"ff-el-form-control  ff-screen-reader-element\" data-name=\"file-upload\" multiple=\"1\"  aria-invalid='false' aria-required=false><\/label><\/div><\/div><div class='ff-el-group ' ><div class='ff-el-input--label'><label>Antispam za\u0161tita<\/label><\/div><div class='ff-el-input--content'><div data-fluent_id='5' name='cf-turnstile-response'><div\n\t\tdata-sitekey='0x4AAAAAAA_glxG7bOFt0OWL'\n\t\tdata-theme='auto'\n\t\tid='fluentform-turnstile-5-1'\n\t\tclass='ff-el-turnstile cf-turnstile'\n\t\tdata-appearance='always'><\/div><\/div><\/div><\/div><div class='ff-el-group ff-text-left ff_submit_btn_wrapper'><button type=\"submit\" class=\"ff-btn ff-btn-submit ff-btn-md ff_btn_style wpf_has_custom_css\"  aria-label=\"Po\u0161alji upit\">Po\u0161alji upit<\/button><\/div><\/fieldset><\/form><div id='fluentform_5_errors' class='ff-errors-in-stack ff_form_instance_5_1 ff-form-loading_errors ff_form_instance_5_1_errors'><\/div><\/div>            <script type=\"text\/javascript\">\n                window.fluent_form_ff_form_instance_5_1 = {\"id\":\"5\",\"settings\":{\"layout\":{\"labelPlacement\":\"top\",\"helpMessagePlacement\":\"with_label\",\"errorMessagePlacement\":\"inline\",\"cssClassName\":\"\",\"asteriskPlacement\":\"asterisk-right\"},\"restrictions\":{\"denyEmptySubmission\":{\"enabled\":false}}},\"form_instance\":\"ff_form_instance_5_1\",\"form_id_selector\":\"fluentform_5\",\"rules\":{\"email\":{\"required\":{\"value\":true,\"message\":\"Ovo polje je obavezno\",\"global\":false,\"global_message\":\"This field is required\"},\"email\":{\"value\":true,\"message\":\"Ovo polje mora sadr\\u017eavati valjanu email adresu\",\"global\":false,\"global_message\":\"This field must contain a valid email\"}},\"names[first_name]\":{\"required\":{\"value\":true,\"message\":\"Ovo polje je obavezno\",\"global\":false,\"global_message\":\"This field is required\"}},\"names[middle_name]\":{\"required\":{\"value\":false,\"message\":\"This field is required\",\"global\":false,\"global_message\":\"This field is required\"}},\"names[last_name]\":{\"required\":{\"value\":false,\"message\":\"This field is required\",\"global\":false,\"global_message\":\"This field is required\"}},\"input_text\":{\"required\":{\"value\":false,\"message\":\"This field is required\",\"global_message\":\"This field is required\",\"global\":true}},\"message\":{\"required\":{\"value\":false,\"message\":\"Ovo polje je obavezno\",\"global\":false,\"global_message\":\"This field is required\"}},\"file-upload\":{\"required\":{\"value\":false,\"message\":\"This field is required\",\"global_message\":\"This field is required\",\"global\":true},\"max_file_size\":{\"value\":1048576,\"_valueFrom\":\"MB\",\"message\":\"Validation fails for maximum file size\",\"global_message\":\"Validation fails for maximum file size\",\"global\":true},\"max_file_count\":{\"value\":1,\"message\":\"Validation fails for maximum file count\",\"global_message\":\"Validation fails for maximum file count\",\"global\":true},\"allowed_file_types\":{\"value\":[],\"message\":\"Invalid file type\",\"global_message\":\"Invalid file type\",\"global\":true}},\"cf-turnstile-response\":[]},\"debounce_time\":300};\n                            <\/script>\n            <\/div>\n<\/div><\/div>\n<\/div><\/div>\n<\/section>","protected":false},"excerpt":{"rendered":"<p>Usmeni prijevodi Online ili u\u017eivo, na\u0161i simultani prevoditelji garancija su razumijevanja Po\u0161aljite upit Simultano prevo\u0111enje konferencija, sastanaka i prezentacija Na va\u0161oj lokaciji sa svom potrebnom opremom ili online, na vi\u0161e jezika istovremeno, Projectus grupa osigurava razumijevanje u realnom vremenu za sve sudionike. Na\u0161i simultani prevoditelji imaju sate i sate prijevoda \u201eu nogama\u201d uz zavidno poznavanje [&hellip;]<\/p>\n","protected":false},"author":1,"featured_media":1249,"parent":0,"menu_order":0,"comment_status":"closed","ping_status":"closed","template":"","meta":{"_acf_changed":false,"_breakdance_hide_in_design_set":false,"_breakdance_tags":"","iawp_total_views":229,"footnotes":""},"class_list":["post-1040","page","type-page","status-publish","has-post-thumbnail","hentry"],"acf":[],"_links":{"self":[{"href":"https:\/\/projectus-grupa.hr\/en\/wp-json\/wp\/v2\/pages\/1040","targetHints":{"allow":["GET"]}}],"collection":[{"href":"https:\/\/projectus-grupa.hr\/en\/wp-json\/wp\/v2\/pages"}],"about":[{"href":"https:\/\/projectus-grupa.hr\/en\/wp-json\/wp\/v2\/types\/page"}],"author":[{"embeddable":true,"href":"https:\/\/projectus-grupa.hr\/en\/wp-json\/wp\/v2\/users\/1"}],"replies":[{"embeddable":true,"href":"https:\/\/projectus-grupa.hr\/en\/wp-json\/wp\/v2\/comments?post=1040"}],"version-history":[{"count":68,"href":"https:\/\/projectus-grupa.hr\/en\/wp-json\/wp\/v2\/pages\/1040\/revisions"}],"predecessor-version":[{"id":1718,"href":"https:\/\/projectus-grupa.hr\/en\/wp-json\/wp\/v2\/pages\/1040\/revisions\/1718"}],"wp:featuredmedia":[{"embeddable":true,"href":"https:\/\/projectus-grupa.hr\/en\/wp-json\/wp\/v2\/media\/1249"}],"wp:attachment":[{"href":"https:\/\/projectus-grupa.hr\/en\/wp-json\/wp\/v2\/media?parent=1040"}],"curies":[{"name":"wp","href":"https:\/\/api.w.org\/{rel}","templated":true}]}}