{"id":1420,"date":"2025-02-20T13:53:25","date_gmt":"2025-02-20T13:53:25","guid":{"rendered":"https:\/\/new.projectus-grupa.hr\/?page_id=1420"},"modified":"2025-10-20T11:03:12","modified_gmt":"2025-10-20T09:03:12","slug":"company-information","status":"publish","type":"page","link":"https:\/\/projectus-grupa.hr\/en\/podaci-o-tvrtki\/","title":{"rendered":"Company information"},"content":{"rendered":"<section class=\"bde-section-1420-100 bde-section\">\n  \n  \n\t\n\n\n\n<div class=\"section-container\"><h1 class=\"bde-heading-1420-101 bde-heading\">\nCompany information\n<\/h1><div class=\"bde-rich-text-1420-102 bde-rich-text breakdance-rich-text-styles\">\n<p>Projectus grupa d.o.o.<br \/>Registered seat: Srebrnjak 131a, 10000 Zagreb, Croatia<br \/>OIB 81273950425<br \/>IBAN: HR8824840081104828280, Raiffeisenbank Austria d.d.<br \/>Registered at the Court Registry of the Commercial Court in Zatreb under reg. no.\n080664332.<br \/>080664332.<br \/>Share capital: EUR 2,654.46, paid in full<br \/>\u010clanovi Uprave: Dinka Kr\u010deli\u0107 i Nina Tu\u0111man Vukovi\u0107<\/p>\n<\/div><\/div>\n<\/section>","protected":false},"excerpt":{"rendered":"<p>Podaci o tvrtki Projectus grupa d.o.o.Sjedi\u0161te: Srebrnjak 131a, 10000 ZagrebOIB 81273950425IBAN: HR8824840081104828280, Raiffeisenbank Austria d.d.Dru\u0161tvo je upisano u sudski registar Trgova\u010dkog suda u Zagrebu pod brojem080664332.Temeljni kapital: 2.654,46 EUR, upla\u0107en u cijelosti\u010clanovi Uprave: Dinka Kr\u010deli\u0107 i Nina Tu\u0111man Vukovi\u0107<\/p>","protected":false},"author":1,"featured_media":0,"parent":0,"menu_order":0,"comment_status":"closed","ping_status":"closed","template":"","meta":{"_acf_changed":false,"_breakdance_hide_in_design_set":false,"_breakdance_tags":"","iawp_total_views":17,"footnotes":""},"class_list":["post-1420","page","type-page","status-publish","hentry"],"acf":[],"_links":{"self":[{"href":"https:\/\/projectus-grupa.hr\/en\/wp-json\/wp\/v2\/pages\/1420","targetHints":{"allow":["GET"]}}],"collection":[{"href":"https:\/\/projectus-grupa.hr\/en\/wp-json\/wp\/v2\/pages"}],"about":[{"href":"https:\/\/projectus-grupa.hr\/en\/wp-json\/wp\/v2\/types\/page"}],"author":[{"embeddable":true,"href":"https:\/\/projectus-grupa.hr\/en\/wp-json\/wp\/v2\/users\/1"}],"replies":[{"embeddable":true,"href":"https:\/\/projectus-grupa.hr\/en\/wp-json\/wp\/v2\/comments?post=1420"}],"version-history":[{"count":4,"href":"https:\/\/projectus-grupa.hr\/en\/wp-json\/wp\/v2\/pages\/1420\/revisions"}],"predecessor-version":[{"id":1717,"href":"https:\/\/projectus-grupa.hr\/en\/wp-json\/wp\/v2\/pages\/1420\/revisions\/1717"}],"wp:attachment":[{"href":"https:\/\/projectus-grupa.hr\/en\/wp-json\/wp\/v2\/media?parent=1420"}],"curies":[{"name":"wp","href":"https:\/\/api.w.org\/{rel}","templated":true}]}}