{"id":1641,"date":"2025-10-17T10:19:55","date_gmt":"2025-10-17T08:19:55","guid":{"rendered":"https:\/\/projectus-grupa.hr\/?page_id=1641"},"modified":"2025-11-13T09:56:27","modified_gmt":"2025-11-13T08:56:27","slug":"hibridno-prevodenje","status":"publish","type":"page","link":"https:\/\/projectus-grupa.hr\/en\/hibridno-prevodenje\/","title":{"rendered":"Hybrid translation"},"content":{"rendered":"<section class=\"bde-section-1641-217 bde-section\">\n  \n  \n\t\n\n\n\n<div class=\"section-container\"><div class=\"bde-div-1641-218 bde-div\">\n  \n  \n\t\n\n\n\n\n<\/div><div class=\"bde-div-1641-219 bde-div\">\n  \n  \n\t\n\n\n\n\n<\/div><div class=\"bde-div-1641-220 bde-div\">\n  \n  \n\t\n\n\n\n<div class=\"bde-div-1641-221 bde-div\">\n  \n  \n\t\n\n\n\n<div class=\"bde-div-1641-248 bde-div\">\n  \n  \n\t\n\n\n\n<h1 class=\"bde-heading-1641-222 bde-heading\">\nHibridno prevo\u0111enje i post-editing\n<\/h1><div class=\"bde-rich-text-1641-272 bde-rich-text breakdance-rich-text-styles\">\n<p><strong>Snaga umjetne inteligencije u sinergiji s profesionalnim ljudskim prevoditeljem.<\/strong><\/p>\n<\/div><div class=\"bde-text-1641-223 bde-text\">\n<strong>Hibridno prevo\u0111enje<\/strong> u jednoj usluzi objedinjuje brzinu i preciznost umjetne inteligencije te znanje i stru\u010dnost profesionalnih prevoditelja. Prednosti tehnologija udru\u017eujemo s kreativno\u0161\u0107u i iskustvom ljudskih prevoditelja (engl. human-in-the-loop) kako bismo postigli najvi\u0161u mogu\u0107u kvalitetu i komunikacijsku vrijednost va\u0161ih tekstova.\n<\/div><div class=\"bde-text-1641-305 bde-text\">\nSinergija umjetne inteligencije i profesionalnih prevoditelja omogu\u0107uje nam da skratimo rokove, smanjimo tro\u0161kove i pove\u0107amo produktivnost, ali i da pove\u0107amo relevantnost poruke na ciljnom jeziku te vam tako pru\u017eimo premium kvalitetu prijevoda.\n<\/div><a class=\"bde-container-link-1641-298 bde-container-link breakdance-link\" href=\"#kontakt\" target=\"_self\" data-type=\"url\">\n  \n  \n\t\n\n\n\n<div class=\"bde-div-1641-299 bde-div\">\n  \n  \n\t\n\n\n\n<div class=\"bde-text-1641-300 bde-text\">\nPo\u0161aljite upit\n<\/div>\n<\/div>\n\n<\/a>\n<\/div>\n<\/div><div class=\"bde-div-1641-224 bde-div\">\n  \n  \n\t\n\n\n\n<div class=\"bde-image-1641-225 bde-image\">\n<figure class=\"breakdance-image breakdance-image--1697\">\n\t<div class=\"breakdance-image-container\">\n\t\t<div class=\"breakdance-image-clip\"><img loading=\"lazy\" decoding=\"async\" class=\"breakdance-image-object\" src=\"https:\/\/projectus-grupa.hr\/wp-content\/uploads\/2025\/10\/hibridno-prevodjenje-hero.webp\" width=\"1000\" height=\"669\" srcset=\"https:\/\/projectus-grupa.hr\/wp-content\/uploads\/2025\/10\/hibridno-prevodjenje-hero.webp 1000w, https:\/\/projectus-grupa.hr\/wp-content\/uploads\/2025\/10\/hibridno-prevodjenje-hero-300x201.webp 300w, https:\/\/projectus-grupa.hr\/wp-content\/uploads\/2025\/10\/hibridno-prevodjenje-hero-768x514.webp 768w, https:\/\/projectus-grupa.hr\/wp-content\/uploads\/2025\/10\/hibridno-prevodjenje-hero-18x12.webp 18w\" sizes=\"auto, (max-width: 1000px) 100vw, 1000px\"><\/div>\n\t<\/div><\/figure>\n\n<\/div>\n<\/div>\n<\/div><\/div>\n<\/section><section class=\"bde-section-1641-253 bde-section\">\n  \n  \n\t\n\n\n\n<div class=\"section-container\"><h2 class=\"bde-heading-1641-254 bde-heading\">\n\u0160to u hibridnom prevo\u0111enju radi stroj, a \u0161to \u010dovjek?\n<\/h2><div class=\"bde-div-1641-258 bde-div\">\n  \n  \n\t\n\n\n\n<div class=\"bde-text-1641-255 bde-text\">\nSustav za strojno prevo\u0111enje generira prvu verziju prijevoda. U Projectus grupi koristimo isklju\u010divo profesionalne alate koji u\u010de iz pro\u0161lih prijevoda i kontinuirano se prilago\u0111avaju kontekstu dokumenta, gotovo poput ljudskog prevoditelja. Za razliku od \u010dovjeka, neusporedivo su br\u017ei i precizniji u nekreativnim zadacima u kojima \u010dak i profesionalni prevoditelji nesvjesno grije\u0161e (npr. prijevod brojeva, oznaka, kodova, tabli\u010dnih podataka).\n<\/div><div class=\"bde-text-1641-273 bde-text\">\nU drugom koraku, profesionalni prevoditelj preuzima zadatak ure\u0111ivanja strojnog prijevoda (post-editing): pa\u017eljivo pregledava, ispravlja i dora\u0111uje prijevod koji je generirao sustav za strojno prevo\u0111enje. Pritom prilago\u0111ava stil krajnjem korisniku teksta, specijaliziranom podru\u010dju i specifi\u010dnim kulturnim aspektima u kojima je ljudska interpretacija nezamjenjiva.\n<\/div><h2 class=\"bde-heading-1641-310 bde-heading\">\nPost-editing: ure\u0111ivanje prema va\u0161im potrebama\n<\/h2><div class=\"bde-rich-text-1641-311 bde-rich-text breakdance-rich-text-styles\">\n<p>Koli\u010dina ure\u0111ivanja strojnog prijevoda ovisi o va\u0161im potrebama. Sadr\u017eaj koji \u0107ete koristiti interno trebat \u0107e minimalno doraditi, dok \u0107e tekstovi koji \u0107e imati veliku vidljivost pro\u0107i temeljito dora\u0111ivanje i uno\u0161enje potrebnih gramati\u010dkih, zna\u010denjskih i stilskih izmjena.<\/p>\n<p>Na\u0161a ponuda bit \u0107e prilago\u0111ena vrsti teksta, va\u0161im zahtjevima i o\u010dekivanoj razini kvalitete.<\/p>\n<\/div>\n<\/div><\/div>\n<\/section><section class=\"bde-section-1641-315 bde-section\">\n  \n  \n\t\n\n\n\n<div class=\"section-container\"><div class=\"bde-div-1641-316 bde-div\">\n  \n  \n\t\n\n\n\n<div class=\"bde-columns-1641-317 bde-columns\"><div class=\"bde-column-1641-318 bde-column\">\n  \n  \n\t\n\n\n\n<div class=\"bde-image-1641-319 bde-image\">\n<figure class=\"breakdance-image breakdance-image--1698\">\n\t<div class=\"breakdance-image-container\">\n\t\t<div class=\"breakdance-image-clip\"><img loading=\"lazy\" decoding=\"async\" class=\"breakdance-image-object\" src=\"https:\/\/projectus-grupa.hr\/wp-content\/uploads\/2025\/10\/povjerljivost-i-zastita-podataka.webp\" width=\"1000\" height=\"646\" srcset=\"https:\/\/projectus-grupa.hr\/wp-content\/uploads\/2025\/10\/povjerljivost-i-zastita-podataka.webp 1000w, https:\/\/projectus-grupa.hr\/wp-content\/uploads\/2025\/10\/povjerljivost-i-zastita-podataka-300x194.webp 300w, https:\/\/projectus-grupa.hr\/wp-content\/uploads\/2025\/10\/povjerljivost-i-zastita-podataka-768x496.webp 768w, https:\/\/projectus-grupa.hr\/wp-content\/uploads\/2025\/10\/povjerljivost-i-zastita-podataka-18x12.webp 18w\" sizes=\"auto, (max-width: 1000px) 100vw, 1000px\"><\/div>\n\t<\/div><\/figure>\n\n<\/div>\n<\/div><div class=\"bde-column-1641-320 bde-column\">\n  \n  \n\t\n\n\n\n<h2 class=\"bde-heading-1641-321 bde-heading\">\nPovjerljivost i za\u0161tita va\u0161ih podataka\n<\/h2><div class=\"bde-rich-text-1641-322 bde-rich-text breakdance-rich-text-styles\">\n<p>\u0160titimo povjerljivost podataka svakog klijenta. Alati koje koristimo primjenjuju stroga pravila za\u0161tite podataka: sadr\u017eaj koji se prevodi ne dijeli se s drugim korisnicima i nakon prijevoda se odmah bri\u0161e na zahtjev klijenta.<\/p>\n<\/div>\n<\/div><\/div>\n<\/div><\/div>\n<\/section><section class=\"bde-section-1641-302 bde-section\">\n  \n  \n\t\n\n\n\n<div class=\"section-container\"><div class=\"bde-fancy-testimonial-1641-303 bde-fancy-testimonial\">\n<div class='bde-fancy-testimonial_content'>\n    <div class='bde-fancy-testimonial_title' >\n    Iskustvo korisnika\n  <\/div>\n  \n  <div class='bde-fancy-testimonial_text'>\n        <div class=\"bde-fancy-testimonial_quote\" aria-hidden=\"true\"><svg xmlns=\"http:\/\/www.w3.org\/2000\/svg\" id=\"icon-quotes-left\" viewBox=\"0 0 32 32\">\r\n<path d=\"M7.031 14c3.866 0 7 3.134 7 7s-3.134 7-7 7-7-3.134-7-7l-0.031-1c0-7.732 6.268-14 14-14v4c-2.671 0-5.182 1.040-7.071 2.929-0.364 0.364-0.695 0.751-0.995 1.157 0.357-0.056 0.724-0.086 1.097-0.086zM25.031 14c3.866 0 7 3.134 7 7s-3.134 7-7 7-7-3.134-7-7l-0.031-1c0-7.732 6.268-14 14-14v4c-2.671 0-5.182 1.040-7.071 2.929-0.364 0.364-0.695 0.751-0.995 1.157 0.358-0.056 0.724-0.086 1.097-0.086z\"\/>\r\n<\/svg><\/div>\n    <div class=\"bde-fancy-testimonial_quote\" aria-hidden=\"true\"><svg xmlns=\"http:\/\/www.w3.org\/2000\/svg\" id=\"icon-quotes-left\" viewBox=\"0 0 32 32\">\r\n<path d=\"M7.031 14c3.866 0 7 3.134 7 7s-3.134 7-7 7-7-3.134-7-7l-0.031-1c0-7.732 6.268-14 14-14v4c-2.671 0-5.182 1.040-7.071 2.929-0.364 0.364-0.695 0.751-0.995 1.157 0.357-0.056 0.724-0.086 1.097-0.086zM25.031 14c3.866 0 7 3.134 7 7s-3.134 7-7 7-7-3.134-7-7l-0.031-1c0-7.732 6.268-14 14-14v4c-2.671 0-5.182 1.040-7.071 2.929-0.364 0.364-0.695 0.751-0.995 1.157 0.358-0.056 0.724-0.086 1.097-0.086z\"\/>\r\n<\/svg><\/div>\n        <p  class='bde-fancy-testimonial_text_text'>Kao zrakoplovna tvrtka trebamo precizne prijevode. U Projectusu ih uvijek dobivamo, i to u kombinaciji s osobnim pristupom i brzom komunikacijom. <\/p>\n  <\/div>\n              <div class='bde-fancy-testimonial_rate' role=\"img\" aria-label=\"5 out of 5 stars\">\n                          <svg aria-hidden=\"true\" xmlns=\"http:\/\/www.w3.org\/2000\/svg\" viewBox=\"0 0 576 512\"><path d=\"M259.3 17.8L194 150.2 47.9 171.5c-26.2 3.8-36.7 36.1-17.7 54.6l105.7 103-25 145.5c-4.5 26.3 23.2 46 46.4 33.7L288 439.6l130.7 68.7c23.2 12.2 50.9-7.4 46.4-33.7l-25-145.5 105.7-103c19-18.5 8.5-50.8-17.7-54.6L382 150.2 316.7 17.8c-11.7-23.6-45.6-23.9-57.4 0z\"\/><\/svg>\n\n                                  <svg aria-hidden=\"true\" xmlns=\"http:\/\/www.w3.org\/2000\/svg\" viewBox=\"0 0 576 512\"><path d=\"M259.3 17.8L194 150.2 47.9 171.5c-26.2 3.8-36.7 36.1-17.7 54.6l105.7 103-25 145.5c-4.5 26.3 23.2 46 46.4 33.7L288 439.6l130.7 68.7c23.2 12.2 50.9-7.4 46.4-33.7l-25-145.5 105.7-103c19-18.5 8.5-50.8-17.7-54.6L382 150.2 316.7 17.8c-11.7-23.6-45.6-23.9-57.4 0z\"\/><\/svg>\n\n                                  <svg aria-hidden=\"true\" xmlns=\"http:\/\/www.w3.org\/2000\/svg\" viewBox=\"0 0 576 512\"><path d=\"M259.3 17.8L194 150.2 47.9 171.5c-26.2 3.8-36.7 36.1-17.7 54.6l105.7 103-25 145.5c-4.5 26.3 23.2 46 46.4 33.7L288 439.6l130.7 68.7c23.2 12.2 50.9-7.4 46.4-33.7l-25-145.5 105.7-103c19-18.5 8.5-50.8-17.7-54.6L382 150.2 316.7 17.8c-11.7-23.6-45.6-23.9-57.4 0z\"\/><\/svg>\n\n                                  <svg aria-hidden=\"true\" xmlns=\"http:\/\/www.w3.org\/2000\/svg\" viewBox=\"0 0 576 512\"><path d=\"M259.3 17.8L194 150.2 47.9 171.5c-26.2 3.8-36.7 36.1-17.7 54.6l105.7 103-25 145.5c-4.5 26.3 23.2 46 46.4 33.7L288 439.6l130.7 68.7c23.2 12.2 50.9-7.4 46.4-33.7l-25-145.5 105.7-103c19-18.5 8.5-50.8-17.7-54.6L382 150.2 316.7 17.8c-11.7-23.6-45.6-23.9-57.4 0z\"\/><\/svg>\n\n                                  <svg aria-hidden=\"true\" xmlns=\"http:\/\/www.w3.org\/2000\/svg\" viewBox=\"0 0 576 512\"><path d=\"M259.3 17.8L194 150.2 47.9 171.5c-26.2 3.8-36.7 36.1-17.7 54.6l105.7 103-25 145.5c-4.5 26.3 23.2 46 46.4 33.7L288 439.6l130.7 68.7c23.2 12.2 50.9-7.4 46.4-33.7l-25-145.5 105.7-103c19-18.5 8.5-50.8-17.7-54.6L382 150.2 316.7 17.8c-11.7-23.6-45.6-23.9-57.4 0z\"\/><\/svg>\n\n                  <\/div>\n      <div class='bde-fancy-testimonial_name' >\n    Helena Kri\u017ean\n  <\/div>\n      <div class='bde-fancy-testimonial_occupation' >\n    Fly Air41 Airways\n  <\/div>\n    <\/div>\n\n<\/div><\/div>\n<\/section><section id=\"kontakt\" class=\"bde-section-1641-290 bde-section\">\n  \n  \n\t\n\n\n\n<div class=\"section-container\"><div class=\"bde-div-1641-291 bde-div\">\n  \n  \n\t\n\n\n\n<div class=\"bde-columns-1641-292 bde-columns\"><div class=\"bde-column-1641-293 bde-column\">\n  \n  \n\t\n\n\n\n<h3 class=\"bde-heading-1641-294 bde-heading\">\nZanima vas neka od usluga?\n<\/h3><div class=\"bde-text-1641-304 bde-text\">\nIspunite obrazac i javiti \u0107emo vam se u najkra\u0107em roku.\n<\/div>\n<\/div><div class=\"bde-column-1641-296 bde-column\">\n  \n  \n\t\n\n\n\n<div class=\"bde-code-block-1641-301 bde-code-block\">\n\n\n\n<\/div><div class=\"bde-shortcode-1641-297 bde-shortcode\"><div class='fluentform ff-default fluentform_wrapper_5 ffs_custom_wrap'><form data-form_id=\"5\" id=\"fluentform_5\" class=\"frm-fluent-form fluent_form_5 ff-el-form-top ff_form_instance_5_1 ff-form-loading ffs_custom\" data-form_instance=\"ff_form_instance_5_1\" method=\"POST\" data-turnstile_key=\"0x4AAAAAAA_glxG7bOFt0OWL\" ><fieldset  style=\"border: none!important;margin: 0!important;padding: 0!important;background-color: transparent!important;box-shadow: none!important;outline: none!important; min-inline-size: 100%;\">\n                    <legend class=\"ff_screen_reader_title\" style=\"display: block; margin: 0!important;padding: 0!important;height: 0!important;text-indent: -999999px;width: 0!important;overflow:hidden;\">Kontakt forma Usluga<\/legend><input type='hidden' name='__fluent_form_embded_post_id' value='1641' \/><input type=\"hidden\" id=\"_fluentform_5_fluentformnonce\" name=\"_fluentform_5_fluentformnonce\" value=\"0332ffc42d\" \/><input type=\"hidden\" name=\"_wp_http_referer\" value=\"\/en\/wp-json\/wp\/v2\/pages\/1641\" \/><div class='ff-el-group'><div class=\"ff-el-input--label ff-el-is-required asterisk-right\"><label for='ff_5_email' id='label_ff_5_email' aria-label=\"Email\">Email<\/label><\/div><div class='ff-el-input--content'><input type=\"email\" name=\"email\" id=\"ff_5_email\" class=\"ff-el-form-control\" data-name=\"email\"  aria-invalid=\"false\" aria-required=true><\/div><\/div><div data-type=\"name-element\" data-name=\"names\" class=\" ff-field_container ff-name-field-wrapper\" ><div class='ff-t-container'><div class='ff-t-cell '><div class='ff-el-group'><div class=\"ff-el-input--label ff-el-is-required asterisk-right\"><label for='ff_5_names_first_name_' id='label_ff_5_names_first_name_' >Ime i prezime<\/label><\/div><div class='ff-el-input--content'><input type=\"text\" name=\"names[first_name]\" id=\"ff_5_names_first_name_\" class=\"ff-el-form-control\" aria-invalid=\"false\" aria-required=true><\/div><\/div><\/div><\/div><\/div><div class='ff-el-group'><div class=\"ff-el-input--label asterisk-right\"><label for='ff_5_input_text' id='label_ff_5_input_text' aria-label=\"Telefon\">Telefon<\/label><\/div><div class='ff-el-input--content'><input type=\"text\" name=\"input_text\" class=\"ff-el-form-control\" data-name=\"input_text\" id=\"ff_5_input_text\"  aria-invalid=\"false\" aria-required=false><\/div><\/div><div class='ff-el-group'><div class=\"ff-el-input--label asterisk-right\"><label for='ff_5_message' id='label_ff_5_message' aria-label=\"Va\u0161a poruka\">Va\u0161a poruka<\/label><\/div><div class='ff-el-input--content'><textarea aria-required=\"false\" aria-labelledby=\"label_ff_5_message\" name=\"message\" id=\"ff_5_message\" class=\"ff-el-form-control\" rows=\"4\" cols=\"2\" data-name=\"message\" ><\/textarea><\/div><\/div><div class='ff-el-group'><div class='ff-el-input--content'><label for='ff_5_file-upload_1' class='ff_file_upload_holder'><span class='ff_upload_btn ff-btn' tabindex='0'>Odaberite datoteku<\/span> <input type=\"file\" name=\"file-upload\" id=\"ff_5_file-upload_1\" class=\"ff-el-form-control  ff-screen-reader-element\" data-name=\"file-upload\" multiple=\"1\"  aria-invalid='false' aria-required=false><\/label><\/div><\/div><div class='ff-el-group ' ><div class='ff-el-input--label'><label>Antispam za\u0161tita<\/label><\/div><div class='ff-el-input--content'><div data-fluent_id='5' name='cf-turnstile-response'><div\n\t\tdata-sitekey='0x4AAAAAAA_glxG7bOFt0OWL'\n\t\tdata-theme='auto'\n\t\tid='fluentform-turnstile-5-1'\n\t\tclass='ff-el-turnstile cf-turnstile'\n\t\tdata-appearance='always'><\/div><\/div><\/div><\/div><div class='ff-el-group ff-text-left ff_submit_btn_wrapper'><button type=\"submit\" class=\"ff-btn ff-btn-submit ff-btn-md ff_btn_style wpf_has_custom_css\"  aria-label=\"Po\u0161alji upit\">Po\u0161alji upit<\/button><\/div><\/fieldset><\/form><div id='fluentform_5_errors' class='ff-errors-in-stack ff_form_instance_5_1 ff-form-loading_errors ff_form_instance_5_1_errors'><\/div><\/div>            <script type=\"text\/javascript\">\n                window.fluent_form_ff_form_instance_5_1 = {\"id\":\"5\",\"settings\":{\"layout\":{\"labelPlacement\":\"top\",\"helpMessagePlacement\":\"with_label\",\"errorMessagePlacement\":\"inline\",\"cssClassName\":\"\",\"asteriskPlacement\":\"asterisk-right\"},\"restrictions\":{\"denyEmptySubmission\":{\"enabled\":false}}},\"form_instance\":\"ff_form_instance_5_1\",\"form_id_selector\":\"fluentform_5\",\"rules\":{\"email\":{\"required\":{\"value\":true,\"message\":\"Ovo polje je obavezno\",\"global\":false,\"global_message\":\"This field is required\"},\"email\":{\"value\":true,\"message\":\"Ovo polje mora sadr\\u017eavati valjanu email adresu\",\"global\":false,\"global_message\":\"This field must contain a valid email\"}},\"names[first_name]\":{\"required\":{\"value\":true,\"message\":\"Ovo polje je obavezno\",\"global\":false,\"global_message\":\"This field is required\"}},\"names[middle_name]\":{\"required\":{\"value\":false,\"message\":\"This field is required\",\"global\":false,\"global_message\":\"This field is required\"}},\"names[last_name]\":{\"required\":{\"value\":false,\"message\":\"This field is required\",\"global\":false,\"global_message\":\"This field is required\"}},\"input_text\":{\"required\":{\"value\":false,\"message\":\"This field is required\",\"global_message\":\"This field is required\",\"global\":true}},\"message\":{\"required\":{\"value\":false,\"message\":\"Ovo polje je obavezno\",\"global\":false,\"global_message\":\"This field is required\"}},\"file-upload\":{\"required\":{\"value\":false,\"message\":\"This field is required\",\"global_message\":\"This field is required\",\"global\":true},\"max_file_size\":{\"value\":1048576,\"_valueFrom\":\"MB\",\"message\":\"Validation fails for maximum file size\",\"global_message\":\"Validation fails for maximum file size\",\"global\":true},\"max_file_count\":{\"value\":1,\"message\":\"Validation fails for maximum file count\",\"global_message\":\"Validation fails for maximum file count\",\"global\":true},\"allowed_file_types\":{\"value\":[],\"message\":\"Invalid file type\",\"global_message\":\"Invalid file type\",\"global\":true}},\"cf-turnstile-response\":[]},\"debounce_time\":300};\n                            <\/script>\n            <\/div>\n<\/div><\/div>\n<\/div><\/div>\n<\/section><section class=\"bde-section-1641-274 bde-section\">\n  \n  \n\t\n\n\n\n<div class=\"section-container\"><div class=\"bde-div-1641-275 bde-div\">\n  \n  \n\t\n\n\n\n<div class=\"bde-div-1641-276 bde-div\">\n  \n  \n\t\n\n\n\n<div class=\"bde-image-1641-277 bde-image\">\n<figure class=\"breakdance-image breakdance-image--1181\">\n\t<div class=\"breakdance-image-container\">\n\t\t<div class=\"breakdance-image-clip\"><img decoding=\"async\" class=\"breakdance-image-object\" src=\"https:\/\/projectus-grupa.hr\/wp-content\/uploads\/2025\/01\/ikona-usklicnik.svg\" width=\"\" height=\"\"><\/div>\n\t<\/div><\/figure>\n\n<\/div><h3 class=\"bde-heading-1641-278 bde-heading\">\nGarantiramo kvalitetu i vrhunske rezultate\n<\/h3><div class=\"bde-div-1641-279 bde-div\">\n  \n  \n\t\n\n\n\n<div class=\"bde-text-1641-280 bde-text\">\nSlijedimo strogi sustav kvalitete prema normama ISO 9001 i ISO 17100 u kojem svaki prijevod pregledava i ure\u0111uje drugi prevoditelj (jezi\u010dni redaktor), a svi prevoditelji moraju imati odgovaraju\u0107e kvalifikacije i iskustvo.\n<\/div>\n<\/div><div class=\"bde-image-1641-289 bde-image\">\n<figure class=\"breakdance-image breakdance-image--1198\">\n\t<div class=\"breakdance-image-container\">\n\t\t<div class=\"breakdance-image-clip\"><img loading=\"lazy\" decoding=\"async\" class=\"breakdance-image-object\" src=\"https:\/\/projectus-grupa.hr\/wp-content\/uploads\/2025\/01\/BV-Certification-ISO9001-ISO17100-PNG.png\" width=\"500\" height=\"250\" srcset=\"https:\/\/projectus-grupa.hr\/wp-content\/uploads\/2025\/01\/BV-Certification-ISO9001-ISO17100-PNG.png 500w, https:\/\/projectus-grupa.hr\/wp-content\/uploads\/2025\/01\/BV-Certification-ISO9001-ISO17100-PNG-300x150.png 300w, https:\/\/projectus-grupa.hr\/wp-content\/uploads\/2025\/01\/BV-Certification-ISO9001-ISO17100-PNG-18x9.png 18w\" sizes=\"auto, (max-width: 500px) 100vw, 500px\"><\/div>\n\t<\/div><\/figure>\n\n<\/div>\n<\/div>\n<\/div><\/div>\n<\/section>","protected":false},"excerpt":{"rendered":"<p>Hibridno prevo\u0111enje i post-editing Snaga umjetne inteligencije u sinergiji s profesionalnim ljudskim prevoditeljem. Hibridno prevo\u0111enje u jednoj usluzi objedinjuje brzinu i preciznost umjetne inteligencije te znanje i stru\u010dnost profesionalnih prevoditelja. Prednosti tehnologija udru\u017eujemo s kreativno\u0161\u0107u i iskustvom ljudskih prevoditelja (engl. human-in-the-loop) kako bismo postigli najvi\u0161u mogu\u0107u kvalitetu i komunikacijsku vrijednost va\u0161ih tekstova. Sinergija umjetne inteligencije [&hellip;]<\/p>\n","protected":false},"author":2,"featured_media":1186,"parent":0,"menu_order":0,"comment_status":"closed","ping_status":"closed","template":"","meta":{"_acf_changed":false,"_breakdance_hide_in_design_set":false,"_breakdance_tags":"","iawp_total_views":38,"footnotes":""},"class_list":["post-1641","page","type-page","status-publish","has-post-thumbnail","hentry"],"acf":[],"_links":{"self":[{"href":"https:\/\/projectus-grupa.hr\/en\/wp-json\/wp\/v2\/pages\/1641","targetHints":{"allow":["GET"]}}],"collection":[{"href":"https:\/\/projectus-grupa.hr\/en\/wp-json\/wp\/v2\/pages"}],"about":[{"href":"https:\/\/projectus-grupa.hr\/en\/wp-json\/wp\/v2\/types\/page"}],"author":[{"embeddable":true,"href":"https:\/\/projectus-grupa.hr\/en\/wp-json\/wp\/v2\/users\/2"}],"replies":[{"embeddable":true,"href":"https:\/\/projectus-grupa.hr\/en\/wp-json\/wp\/v2\/comments?post=1641"}],"version-history":[{"count":6,"href":"https:\/\/projectus-grupa.hr\/en\/wp-json\/wp\/v2\/pages\/1641\/revisions"}],"predecessor-version":[{"id":1721,"href":"https:\/\/projectus-grupa.hr\/en\/wp-json\/wp\/v2\/pages\/1641\/revisions\/1721"}],"wp:featuredmedia":[{"embeddable":true,"href":"https:\/\/projectus-grupa.hr\/en\/wp-json\/wp\/v2\/media\/1186"}],"wp:attachment":[{"href":"https:\/\/projectus-grupa.hr\/en\/wp-json\/wp\/v2\/media?parent=1641"}],"curies":[{"name":"wp","href":"https:\/\/api.w.org\/{rel}","templated":true}]}}