{"id":1745,"date":"2026-03-25T10:25:16","date_gmt":"2026-03-25T09:25:16","guid":{"rendered":"https:\/\/projectus-grupa.hr\/?page_id=1745"},"modified":"2026-03-31T16:39:01","modified_gmt":"2026-03-31T14:39:01","slug":"javna-nabava-strucno-usavrsavanja-po-mjeri-vase-organizacije","status":"publish","type":"page","link":"https:\/\/projectus-grupa.hr\/en\/edukacije\/javna-nabava-strucno-usavrsavanja-po-mjeri-vase-organizacije\/","title":{"rendered":"JAVNA NABAVA &#8211;  Stru\u010dno usavr\u0161avanje po mjeri va\u0161e organizacije!"},"content":{"rendered":"<p><strong>Modularno. Prakti\u010dno. Relevantno.<\/strong><\/p>\n\n\n\n<p>Nudimo <strong>modularni model stru\u010dnog usavr\u0161avanja<\/strong> iz javne nabave, osmi\u0161ljen tako da se <strong>u potpunosti prilago\u0111ava stvarnim potrebama va\u0161e organizacije<\/strong>. <\/p>\n\n\n\n<p><strong>Vi birate. Mi dizajniramo.<\/strong><\/p>\n\n\n\n<p>Jedini na tr\u017ei\u0161tu nudimo <strong>u potpunosti modularni pristup<\/strong>, \u0161to zna\u010di da sami:<\/p>\n\n\n\n<ul class=\"wp-block-list\">\n<li>birate <strong>teme<\/strong>,<\/li>\n\n\n\n<li>odre\u0111ujete <strong>broj modula<\/strong>,<\/li>\n\n\n\n<li>odlu\u010dujete o <strong>trajanju i na\u010dinu provedbe<\/strong>,<\/li>\n\n\n\n<li>zajedno s nama <strong>kreirate program koji ima izravnu primjenu u praksi<\/strong>.<\/li>\n<\/ul>\n\n\n\n<p>Programi se mogu realizirati kao:<\/p>\n\n\n\n<ul class=\"wp-block-list\">\n<li>specijalizirana edukacija iz <strong>javne nabave<\/strong>,<\/li>\n\n\n\n<li>razvoj <strong>soft vje\u0161tina sukladno okviru ProcurComp<\/strong>,<\/li>\n\n\n\n<li>ili <strong>kombinirani program<\/strong>, prilago\u0111en razli\u010ditim ulogama unutar organizacije.<\/li>\n<\/ul>\n\n\n\n<p><strong>Ovla\u0161teni smo za provo\u0111enje Programa izobrazbe u podru\u010dju javne nabave<\/strong>.<\/p>\n\n\n\n<p class=\"has-black-color has-text-color has-link-color has-medium-font-size wp-elements-03a17d04489476e37b4e33da199f18e3\" id=\"javna-nabava\"><\/p>\n\n\n\n<p><\/p>","protected":false},"excerpt":{"rendered":"<p>Modularno. Prakti\u010dno. Relevantno. Nudimo modularni model stru\u010dnog usavr\u0161avanja iz javne nabave, osmi\u0161ljen tako da se u potpunosti prilago\u0111ava stvarnim potrebama va\u0161e organizacije. Vi birate. Mi dizajniramo. Jedini na tr\u017ei\u0161tu nudimo u potpunosti modularni pristup, \u0161to zna\u010di da sami: Programi se mogu realizirati kao: Ovla\u0161teni smo za provo\u0111enje Programa izobrazbe u podru\u010dju javne nabave.<\/p>","protected":false},"author":2,"featured_media":1747,"parent":135,"menu_order":0,"comment_status":"closed","ping_status":"closed","template":"","meta":{"_acf_changed":false,"_breakdance_hide_in_design_set":false,"_breakdance_tags":"","iawp_total_views":0,"footnotes":""},"class_list":["post-1745","page","type-page","status-publish","has-post-thumbnail","hentry"],"acf":[],"_links":{"self":[{"href":"https:\/\/projectus-grupa.hr\/en\/wp-json\/wp\/v2\/pages\/1745","targetHints":{"allow":["GET"]}}],"collection":[{"href":"https:\/\/projectus-grupa.hr\/en\/wp-json\/wp\/v2\/pages"}],"about":[{"href":"https:\/\/projectus-grupa.hr\/en\/wp-json\/wp\/v2\/types\/page"}],"author":[{"embeddable":true,"href":"https:\/\/projectus-grupa.hr\/en\/wp-json\/wp\/v2\/users\/2"}],"replies":[{"embeddable":true,"href":"https:\/\/projectus-grupa.hr\/en\/wp-json\/wp\/v2\/comments?post=1745"}],"version-history":[{"count":6,"href":"https:\/\/projectus-grupa.hr\/en\/wp-json\/wp\/v2\/pages\/1745\/revisions"}],"predecessor-version":[{"id":1763,"href":"https:\/\/projectus-grupa.hr\/en\/wp-json\/wp\/v2\/pages\/1745\/revisions\/1763"}],"up":[{"embeddable":true,"href":"https:\/\/projectus-grupa.hr\/en\/wp-json\/wp\/v2\/pages\/135"}],"wp:featuredmedia":[{"embeddable":true,"href":"https:\/\/projectus-grupa.hr\/en\/wp-json\/wp\/v2\/media\/1747"}],"wp:attachment":[{"href":"https:\/\/projectus-grupa.hr\/en\/wp-json\/wp\/v2\/media?parent=1745"}],"curies":[{"name":"wp","href":"https:\/\/api.w.org\/{rel}","templated":true}]}}