{"id":275,"date":"2024-05-22T07:21:24","date_gmt":"2024-05-22T07:21:24","guid":{"rendered":"https:\/\/new.projectus-grupa.hr\/?page_id=275"},"modified":"2025-09-18T09:47:21","modified_gmt":"2025-09-18T07:47:21","slug":"about-us","status":"publish","type":"page","link":"https:\/\/projectus-grupa.hr\/en\/o-nama\/","title":{"rendered":"About us"},"content":{"rendered":"<section class=\"bde-section-275-120 bde-section\">\n  \n  \n\t\n\n\n\n<div class=\"section-container\"><div class=\"bde-columns-275-121 bde-columns\"><div class=\"bde-column-275-122 bde-column\">\n  \n  \n\t\n\n\n\n<div class=\"bde-div-275-125 bde-div\">\n  \n  \n\t\n\n\n\n<h2 class=\"bde-heading-275-124 bde-heading\">\nCommitted to the Highest Standards\n<\/h2><div class=\"bde-text-275-126 bde-text\">\nAt the heart of our mission is a steadfast dedication to delivering excellence in every project. We prioritize building lasting partnerships and nurturing positive relationships, both with our clients and among our team members.\n<\/div>\n<\/div>\n<\/div><div class=\"bde-column-275-123 bde-column\">\n  \n  \n\t\n\n\n\n<div class=\"bde-div-275-127 bde-div\">\n  \n  \n\t\n\n\n\n<div class=\"bde-image-275-128 bde-image\">\n<figure class=\"breakdance-image breakdance-image--1390\">\n\t<div class=\"breakdance-image-container\">\n\t\t<div class=\"breakdance-image-clip\"><img loading=\"lazy\" decoding=\"async\" class=\"breakdance-image-object\" src=\"https:\/\/projectus-grupa.hr\/wp-content\/uploads\/2025\/02\/Slika-ured.webp\" width=\"1200\" height=\"800\" srcset=\"https:\/\/projectus-grupa.hr\/wp-content\/uploads\/2025\/02\/Slika-ured.webp 1200w, https:\/\/projectus-grupa.hr\/wp-content\/uploads\/2025\/02\/Slika-ured-300x200.webp 300w, https:\/\/projectus-grupa.hr\/wp-content\/uploads\/2025\/02\/Slika-ured-1024x683.webp 1024w, https:\/\/projectus-grupa.hr\/wp-content\/uploads\/2025\/02\/Slika-ured-768x512.webp 768w, https:\/\/projectus-grupa.hr\/wp-content\/uploads\/2025\/02\/Slika-ured-18x12.webp 18w\" sizes=\"auto, (max-width: 1200px) 100vw, 1200px\"><\/div>\n\t<\/div><\/figure>\n\n<\/div>\n<\/div>\n<\/div><\/div><\/div>\n<\/section><section class=\"bde-section-275-129 bde-section\">\n  \n  \n\t\n\n\n\n<div class=\"section-container\"><div class=\"bde-div-275-130 bde-div\">\n  \n  \n\t\n\n\n\n<div class=\"bde-columns-275-131 bde-columns\"><div class=\"bde-column-275-132 bde-column\">\n  \n  \n\t\n\n\n\n<div class=\"bde-image-275-134 bde-image\">\n<figure class=\"breakdance-image breakdance-image--32\">\n\t<div class=\"breakdance-image-container\">\n\t\t<div class=\"breakdance-image-clip\"><img loading=\"lazy\" decoding=\"async\" class=\"breakdance-image-object\" src=\"https:\/\/projectus-grupa.hr\/wp-content\/uploads\/2024\/05\/home-about-min.jpg\" width=\"582\" height=\"423\" srcset=\"https:\/\/projectus-grupa.hr\/wp-content\/uploads\/2024\/05\/home-about-min.jpg 582w, https:\/\/projectus-grupa.hr\/wp-content\/uploads\/2024\/05\/home-about-min-300x218.jpg 300w\" sizes=\"auto, (max-width: 582px) 100vw, 582px\"><\/div>\n\t<\/div><\/figure>\n\n<\/div>\n<\/div><div class=\"bde-column-275-133 bde-column\">\n  \n  \n\t\n\n\n\n<div class=\"bde-div-275-135 bde-div\">\n  \n  \n\t\n\n\n\n<h2 class=\"bde-heading-275-136 bde-heading\">\nBuilt on Trust \n<\/h2><div class=\"bde-div-275-204 bde-div\">\n  \n  \n\t\n\n\n\n<div class=\"bde-text-275-137 bde-text\">\nWith each new project, we earn the trust of our clients\n<\/div><div class=\"bde-text-275-140 bde-text\">\nWhether it's through our translation services or professional development offerings, our clients know they can depend on us to meet all their needs. We are founded on the principles of trust and strong relationships, which we see as the cornerstone of our success.\n<\/div><div class=\"bde-text-275-184 bde-text\">\nWe are driven by excellence.\n<\/div><div class=\"bde-text-275-185 bde-text\">\nWe believe in pushing boundaries and achieving big things.\n<\/div><div class=\"bde-text-275-186 bde-text\">\nWe believe in building long-term relationships that generate value for all parties involved.\n<\/div>\n<\/div>\n<\/div>\n<\/div><\/div>\n<\/div><\/div>\n<\/section><section class=\"bde-section-275-171 bde-section\">\n  \n  \n\t\n\n\n\n<div class=\"section-container\"><div class=\"bde-div-275-174 bde-div\">\n  \n  \n\t\n\n\n\n<div class=\"bde-div-275-188 bde-div\">\n  \n  \n\t\n\n\n\n<h2 class=\"bde-heading-275-173 bde-heading\">\nWorking with Projectus grupa means\n<\/h2><h3 class=\"bde-heading-275-187 bde-heading\">\nworking with great people\n<\/h3>\n<\/div><div class=\"bde-post-loop-275-177 bde-post-loop\"><div class=\"bde-loop bde-loop-grid ee-posts ee-posts-grid\">    <article class=\"bde-loop-item ee-post\">\n        <div class=\"bde-div-652-100-650-652-1 bde-div bde-div-652-100\">\n  \n  \n\t\n\n\n\n<div class=\"bde-columns-652-108-650-652-1 bde-columns bde-columns-652-108\"><div class=\"bde-column-652-109-650-652-1 bde-column bde-column-652-109\">\n  \n  \n\t\n\n\n\n<div class=\"bde-div-652-105-650-652-1 bde-div bde-div-652-105\">\n  \n  \n\t\n\n\n\n<div class=\"bde-div-652-103-650-652-1 bde-div bde-div-652-103\">\n  \n  \n\t\n\n\n\n<div class=\"bde-text-652-101-650-652-1 bde-text bde-text-652-101\">\nNina Tu\u0111man Vukovi\u0107\n<\/div><div class=\"bde-text-652-102-650-652-1 bde-text bde-text-652-102\">\nco-owner and director\n<\/div>\n<\/div>\n<\/div>\n<\/div><div class=\"bde-column-652-110-650-652-1 bde-column bde-column-652-110\">\n  \n  \n\t\n\n\n\n<div class=\"bde-div-652-106-650-652-1 bde-div bde-div-652-106\">\n  \n  \n\t\n\n\n\n<div class=\"bde-image-652-107-650-652-1 bde-image bde-image-652-107\">\n<figure class=\"breakdance-image breakdance-image--1446\">\n\t<div class=\"breakdance-image-container\">\n\t\t<div class=\"breakdance-image-clip\"><img loading=\"lazy\" decoding=\"async\" class=\"breakdance-image-object\" src=\"https:\/\/projectus-grupa.hr\/wp-content\/uploads\/2024\/05\/PG-profilna1.webp\" width=\"1000\" height=\"1000\" srcset=\"https:\/\/projectus-grupa.hr\/wp-content\/uploads\/2024\/05\/PG-profilna1.webp 1000w, https:\/\/projectus-grupa.hr\/wp-content\/uploads\/2024\/05\/PG-profilna1-300x300.webp 300w, https:\/\/projectus-grupa.hr\/wp-content\/uploads\/2024\/05\/PG-profilna1-150x150.webp 150w, https:\/\/projectus-grupa.hr\/wp-content\/uploads\/2024\/05\/PG-profilna1-768x768.webp 768w, https:\/\/projectus-grupa.hr\/wp-content\/uploads\/2024\/05\/PG-profilna1-12x12.webp 12w\" sizes=\"auto, (max-width: 1000px) 100vw, 1000px\"><\/div>\n\t<\/div><\/figure>\n\n<\/div>\n<\/div>\n<\/div><\/div><div class=\"bde-text-652-104-650-652-1 bde-text bde-text-652-104\">\n\n<p class=\"translation-block\"><strong>Nina<\/strong> began her linguistic career at the University of Zagreb. Since founding Projectus Grupa, she has led the translation team and spearheaded the development of innovative projects in the translation industry.<\/p>\n\n\n\n<p><\/p>\n\n<\/div>\n<\/div><div class=\"bde-div-652-135-650-652-1 bde-div bde-div-652-135\">\n  \n  \n\t\n\n\n\n<div class=\"bde-code-block-652-136-650-652-1 bde-code-block bde-code-block-652-136\">\n\n\n\n<\/div><div class=\"bde-div-652-124-650-652-1 bde-div accordion bde-div-652-124\">\n  \n  \n\t\n\n\n\n<div class=\"bde-div-652-129-650-652-1 bde-div bde-div-652-129\">\n  \n  \n\t\n\n\n\n<div class=\"bde-text-652-127-650-652-1 bde-text bde-text-652-127\">\nNina Tu\u0111man Vukovi\u0107\n<\/div><div class=\"bde-text-652-128-650-652-1 bde-text bde-text-652-128\">\nco-owner and director\n<\/div>\n<\/div><div class=\"bde-div-652-137-650-652-1 bde-div bde-div-652-137\">\n  \n  \n\t\n\n\n\n<div class=\"bde-image-652-138-650-652-1 bde-image bde-image-652-138\">\n<figure class=\"breakdance-image breakdance-image--1446\">\n\t<div class=\"breakdance-image-container\">\n\t\t<div class=\"breakdance-image-clip\"><img loading=\"lazy\" decoding=\"async\" class=\"breakdance-image-object\" src=\"https:\/\/projectus-grupa.hr\/wp-content\/uploads\/2024\/05\/PG-profilna1-150x150.webp\" width=\"150\" height=\"150\" srcset=\"https:\/\/projectus-grupa.hr\/wp-content\/uploads\/2024\/05\/PG-profilna1.webp 1000w, https:\/\/projectus-grupa.hr\/wp-content\/uploads\/2024\/05\/PG-profilna1-300x300.webp 300w, https:\/\/projectus-grupa.hr\/wp-content\/uploads\/2024\/05\/PG-profilna1-150x150.webp 150w, https:\/\/projectus-grupa.hr\/wp-content\/uploads\/2024\/05\/PG-profilna1-768x768.webp 768w, https:\/\/projectus-grupa.hr\/wp-content\/uploads\/2024\/05\/PG-profilna1-12x12.webp 12w\" sizes=\"auto, (max-width: 1000px) 100vw, 1000px\"><\/div>\n\t<\/div><\/figure>\n\n<\/div>\n<\/div><div class=\"bde-div-652-130-650-652-1 bde-div bde-div-652-130\">\n  \n  \n\t\n\n\n\n<div id=\"my-icon\" class=\"bde-icon-652-131-650-652-1 bde-icon rotate-icon bde-icon-652-131\">\n\n    \n            <div class=\"bde-icon-icon breakdance-icon-atom\" >\n    \n                    <svg xmlns=\"http:\/\/www.w3.org\/2000\/svg\" id=\"icon-arrow-down2\" viewbox=\"0 0 32 32\">\n<path d=\"M27.414 19.414l-10 10c-0.781 0.781-2.047 0.781-2.828 0l-10-10c-0.781-0.781-0.781-2.047 0-2.828s2.047-0.781 2.828 0l6.586 6.586v-19.172c0-1.105 0.895-2 2-2s2 0.895 2 2v19.172l6.586-6.586c0.39-0.39 0.902-0.586 1.414-0.586s1.024 0.195 1.414 0.586c0.781 0.781 0.781 2.047 0 2.828z\"\/>\n<\/svg>\n        \n        \n        \n            <\/div>\n    \n\n\n<\/div>\n<\/div>\n<\/div><div id=\"panel\" class=\"bde-div-652-132-650-652-1 bde-div panel bde-div-652-132\">\n  \n  \n\t\n\n\n\n<div class=\"bde-text-652-134-650-652-1 bde-text bde-text-652-134\">\n\n<p class=\"translation-block\"><strong>Nina<\/strong> began her linguistic career at the University of Zagreb. Since founding Projectus Grupa, she has led the translation team and spearheaded the development of innovative projects in the translation industry.<\/p>\n\n\n\n<p><\/p>\n\n<\/div>\n<\/div>\n<\/div>    <\/article>\n    <article class=\"bde-loop-item ee-post\">\n        <div class=\"bde-div-652-100-648-652-1 bde-div bde-div-652-100\">\n  \n  \n\t\n\n\n\n<div class=\"bde-columns-652-108-648-652-1 bde-columns bde-columns-652-108\"><div class=\"bde-column-652-109-648-652-1 bde-column bde-column-652-109\">\n  \n  \n\t\n\n\n\n<div class=\"bde-div-652-105-648-652-1 bde-div bde-div-652-105\">\n  \n  \n\t\n\n\n\n<div class=\"bde-div-652-103-648-652-1 bde-div bde-div-652-103\">\n  \n  \n\t\n\n\n\n<div class=\"bde-text-652-101-648-652-1 bde-text bde-text-652-101\">\nDinka Kr\u010deli\u0107\n<\/div><div class=\"bde-text-652-102-648-652-1 bde-text bde-text-652-102\">\nco-owner and director\n<\/div>\n<\/div>\n<\/div>\n<\/div><div class=\"bde-column-652-110-648-652-1 bde-column bde-column-652-110\">\n  \n  \n\t\n\n\n\n<div class=\"bde-div-652-106-648-652-1 bde-div bde-div-652-106\">\n  \n  \n\t\n\n\n\n<div class=\"bde-image-652-107-648-652-1 bde-image bde-image-652-107\">\n<figure class=\"breakdance-image breakdance-image--1448\">\n\t<div class=\"breakdance-image-container\">\n\t\t<div class=\"breakdance-image-clip\"><img loading=\"lazy\" decoding=\"async\" class=\"breakdance-image-object\" src=\"https:\/\/projectus-grupa.hr\/wp-content\/uploads\/2024\/05\/PG-profilna2.webp\" width=\"1000\" height=\"1000\" srcset=\"https:\/\/projectus-grupa.hr\/wp-content\/uploads\/2024\/05\/PG-profilna2.webp 1000w, https:\/\/projectus-grupa.hr\/wp-content\/uploads\/2024\/05\/PG-profilna2-300x300.webp 300w, https:\/\/projectus-grupa.hr\/wp-content\/uploads\/2024\/05\/PG-profilna2-150x150.webp 150w, https:\/\/projectus-grupa.hr\/wp-content\/uploads\/2024\/05\/PG-profilna2-768x768.webp 768w, https:\/\/projectus-grupa.hr\/wp-content\/uploads\/2024\/05\/PG-profilna2-12x12.webp 12w\" sizes=\"auto, (max-width: 1000px) 100vw, 1000px\"><\/div>\n\t<\/div><\/figure>\n\n<\/div>\n<\/div>\n<\/div><\/div><div class=\"bde-text-652-104-648-652-1 bde-text bde-text-652-104\">\n\n<p><strong>Dinka <\/strong>has dedicated her entire career to training. She has played a crucial role in setting up training systems for the state and public administration. She works as a capacity-building expert, designs and implements projects, and creates comprehensive training programmes tailored for diverse clients.<\/p>\n\n<\/div>\n<\/div><div class=\"bde-div-652-135-648-652-1 bde-div bde-div-652-135\">\n  \n  \n\t\n\n\n\n<div class=\"bde-code-block-652-136-648-652-1 bde-code-block bde-code-block-652-136\">\n\n\n\n<\/div><div class=\"bde-div-652-124-648-652-1 bde-div accordion bde-div-652-124\">\n  \n  \n\t\n\n\n\n<div class=\"bde-div-652-129-648-652-1 bde-div bde-div-652-129\">\n  \n  \n\t\n\n\n\n<div class=\"bde-text-652-127-648-652-1 bde-text bde-text-652-127\">\nDinka Kr\u010deli\u0107\n<\/div><div class=\"bde-text-652-128-648-652-1 bde-text bde-text-652-128\">\nco-owner and director\n<\/div>\n<\/div><div class=\"bde-div-652-137-648-652-1 bde-div bde-div-652-137\">\n  \n  \n\t\n\n\n\n<div class=\"bde-image-652-138-648-652-1 bde-image bde-image-652-138\">\n<figure class=\"breakdance-image breakdance-image--1448\">\n\t<div class=\"breakdance-image-container\">\n\t\t<div class=\"breakdance-image-clip\"><img loading=\"lazy\" decoding=\"async\" class=\"breakdance-image-object\" src=\"https:\/\/projectus-grupa.hr\/wp-content\/uploads\/2024\/05\/PG-profilna2-150x150.webp\" width=\"150\" height=\"150\" srcset=\"https:\/\/projectus-grupa.hr\/wp-content\/uploads\/2024\/05\/PG-profilna2.webp 1000w, https:\/\/projectus-grupa.hr\/wp-content\/uploads\/2024\/05\/PG-profilna2-300x300.webp 300w, https:\/\/projectus-grupa.hr\/wp-content\/uploads\/2024\/05\/PG-profilna2-150x150.webp 150w, https:\/\/projectus-grupa.hr\/wp-content\/uploads\/2024\/05\/PG-profilna2-768x768.webp 768w, https:\/\/projectus-grupa.hr\/wp-content\/uploads\/2024\/05\/PG-profilna2-12x12.webp 12w\" sizes=\"auto, (max-width: 1000px) 100vw, 1000px\"><\/div>\n\t<\/div><\/figure>\n\n<\/div>\n<\/div><div class=\"bde-div-652-130-648-652-1 bde-div bde-div-652-130\">\n  \n  \n\t\n\n\n\n<div id=\"my-icon\" class=\"bde-icon-652-131-648-652-1 bde-icon rotate-icon bde-icon-652-131\">\n\n    \n            <div class=\"bde-icon-icon breakdance-icon-atom\" >\n    \n                    <svg xmlns=\"http:\/\/www.w3.org\/2000\/svg\" id=\"icon-arrow-down2\" viewbox=\"0 0 32 32\">\n<path d=\"M27.414 19.414l-10 10c-0.781 0.781-2.047 0.781-2.828 0l-10-10c-0.781-0.781-0.781-2.047 0-2.828s2.047-0.781 2.828 0l6.586 6.586v-19.172c0-1.105 0.895-2 2-2s2 0.895 2 2v19.172l6.586-6.586c0.39-0.39 0.902-0.586 1.414-0.586s1.024 0.195 1.414 0.586c0.781 0.781 0.781 2.047 0 2.828z\"\/>\n<\/svg>\n        \n        \n        \n            <\/div>\n    \n\n\n<\/div>\n<\/div>\n<\/div><div id=\"panel\" class=\"bde-div-652-132-648-652-1 bde-div panel bde-div-652-132\">\n  \n  \n\t\n\n\n\n<div class=\"bde-text-652-134-648-652-1 bde-text bde-text-652-134\">\n\n<p><strong>Dinka <\/strong>has dedicated her entire career to training. She has played a crucial role in setting up training systems for the state and public administration. She works as a capacity-building expert, designs and implements projects, and creates comprehensive training programmes tailored for diverse clients.<\/p>\n\n<\/div>\n<\/div>\n<\/div>    <\/article>\n<\/div>\r\n<\/div>\n<\/div><div class=\"bde-div-275-197 bde-div\">\n  \n  \n\t\n\n\n\n<h2 class=\"bde-heading-275-198 bde-heading\">\nOur Team\n<\/h2><div class=\"bde-image-275-199 bde-image\">\n<figure class=\"breakdance-image breakdance-image--1449\">\n\t<div class=\"breakdance-image-container\">\n\t\t<div class=\"breakdance-image-clip\"><img loading=\"lazy\" decoding=\"async\" class=\"breakdance-image-object\" src=\"https:\/\/projectus-grupa.hr\/wp-content\/uploads\/2025\/03\/PG-zajednicka-3.webp\" width=\"1200\" height=\"800\" srcset=\"https:\/\/projectus-grupa.hr\/wp-content\/uploads\/2025\/03\/PG-zajednicka-3.webp 1200w, https:\/\/projectus-grupa.hr\/wp-content\/uploads\/2025\/03\/PG-zajednicka-3-300x200.webp 300w, https:\/\/projectus-grupa.hr\/wp-content\/uploads\/2025\/03\/PG-zajednicka-3-1024x683.webp 1024w, https:\/\/projectus-grupa.hr\/wp-content\/uploads\/2025\/03\/PG-zajednicka-3-768x512.webp 768w, https:\/\/projectus-grupa.hr\/wp-content\/uploads\/2025\/03\/PG-zajednicka-3-18x12.webp 18w\" sizes=\"auto, (max-width: 1200px) 100vw, 1200px\"><\/div>\n\t<\/div><\/figure>\n\n<\/div><div class=\"bde-div-275-206 bde-div\">\n  \n  \n\t\n\n\n\n<div class=\"bde-text-275-200 bde-text\">\nBottom from left to right: Petra, Dinka, Nina, Karla\n<\/div><div class=\"bde-text-275-205 bde-text\">\nTop from left to right: Andreja, Lucija, Andrea, Katharina\n<\/div>\n<\/div>\n<\/div><\/div>\n<\/section><section class=\"bde-section-275-189 bde-section\">\n  \n  \n\t\n\n\n\n<div class=\"section-container\"><h2 class=\"bde-heading-275-190 bde-heading\">\nLooking for a translation or training?\n<\/h2><a class=\"bde-container-link-275-201 bde-container-link breakdance-link\" href=\"https:\/\/projectus-grupa.hr\/en\/contact\/\" target=\"_self\" data-type=\"url\">\n  \n  \n\t\n\n\n\n<div class=\"bde-div-275-202 bde-div\">\n  \n  \n\t\n\n\n\n<div class=\"bde-text-275-203 bde-text\">\nIt's time for an upgrade\n<\/div>\n<\/div>\n\n<\/a><div class=\"bde-div-275-196 bde-div\">\n  \n  \n\t\n\n\n\n<div class=\"bde-text-275-192 bde-text\">\nBut don\u2019t stop there. \n<\/div><div class=\"bde-text-275-193 bde-text\">\nIf you are growing your company or need support with employee relations, we\u2019re here to help.\n<\/div><a class=\"bde-text-link-275-194 bde-text-link breakdance-link\" href=\"https:\/\/projectus-grupa.hr\/en\/contact\/\" target=\"_self\" data-type=\"url\">\n  Ask for advice.\n\n<\/a><div class=\"bde-text-275-195 bde-text\">\nGreat leaders know their limits and are always ready to learn.\u00a0\n<\/div>\n<\/div><\/div>\n<\/section>","protected":false},"excerpt":{"rendered":"<p>Njegujemo najvi\u0161e standarde Potpuno smo predani svakom projektu, a poseban trud posve\u0107ujemo razvoju i njegovanju dugoro\u010dne suradnje i kvalitetnih odnosa s klijentima, ali i me\u0111u svojim zaposlenicima. Temelj na\u0161eg uspjeha je povjerenje Stje\u010demo ga svakim novim projektom. Na\u0161i klijenti mogu se u potpunosti osloniti na nas u svemu \u0161to radimo, od prijevoda do podr\u0161ke razvoju [&hellip;]<\/p>\n","protected":false},"author":1,"featured_media":1390,"parent":0,"menu_order":0,"comment_status":"closed","ping_status":"closed","template":"","meta":{"_acf_changed":false,"_breakdance_hide_in_design_set":false,"_breakdance_tags":"","iawp_total_views":921,"footnotes":""},"class_list":["post-275","page","type-page","status-publish","has-post-thumbnail","hentry"],"acf":[],"_links":{"self":[{"href":"https:\/\/projectus-grupa.hr\/en\/wp-json\/wp\/v2\/pages\/275","targetHints":{"allow":["GET"]}}],"collection":[{"href":"https:\/\/projectus-grupa.hr\/en\/wp-json\/wp\/v2\/pages"}],"about":[{"href":"https:\/\/projectus-grupa.hr\/en\/wp-json\/wp\/v2\/types\/page"}],"author":[{"embeddable":true,"href":"https:\/\/projectus-grupa.hr\/en\/wp-json\/wp\/v2\/users\/1"}],"replies":[{"embeddable":true,"href":"https:\/\/projectus-grupa.hr\/en\/wp-json\/wp\/v2\/comments?post=275"}],"version-history":[{"count":73,"href":"https:\/\/projectus-grupa.hr\/en\/wp-json\/wp\/v2\/pages\/275\/revisions"}],"predecessor-version":[{"id":1669,"href":"https:\/\/projectus-grupa.hr\/en\/wp-json\/wp\/v2\/pages\/275\/revisions\/1669"}],"wp:featuredmedia":[{"embeddable":true,"href":"https:\/\/projectus-grupa.hr\/en\/wp-json\/wp\/v2\/media\/1390"}],"wp:attachment":[{"href":"https:\/\/projectus-grupa.hr\/en\/wp-json\/wp\/v2\/media?parent=275"}],"curies":[{"name":"wp","href":"https:\/\/api.w.org\/{rel}","templated":true}]}}