{"id":277,"date":"2024-05-22T07:21:35","date_gmt":"2024-05-22T07:21:35","guid":{"rendered":"https:\/\/new.projectus-grupa.hr\/?page_id=277"},"modified":"2025-04-10T15:56:39","modified_gmt":"2025-04-10T13:56:39","slug":"contact","status":"publish","type":"page","link":"https:\/\/projectus-grupa.hr\/en\/kontakt\/","title":{"rendered":"Contact"},"content":{"rendered":"<section class=\"bde-section-277-100 bde-section\">\n  \n  \n\t\n\n\n\n<div class=\"section-container\"><div class=\"bde-columns-277-101 bde-columns\"><div class=\"bde-column-277-102 bde-column\">\n  \n  \n\t\n\n\n\n<div class=\"bde-div-277-105 bde-div\">\n  \n  \n\t\n\n\n\n<div class=\"bde-div-277-120 bde-div\">\n  \n  \n\t\n\n\n\n<h1 class=\"bde-heading-277-104 bde-heading\">\nImate pitanje?\n<\/h1><div class=\"bde-text-277-106 bde-text\">\nOzna\u010dite o \u010demu se radi kako bismo vam br\u017ee i konstruktivnije odgovorili\n<\/div>\n<\/div><div class=\"bde-code-block-277-121 bde-code-block\">\n\n\n\n<\/div><div class=\"bde-shortcode-277-107 bde-shortcode\"><div class='fluentform ff-default fluentform_wrapper_1 ffs_custom_wrap'><form data-form_id=\"1\" id=\"fluentform_1\" class=\"frm-fluent-form fluent_form_1 ff-el-form-top ff_form_instance_1_1 ff-form-loading ffs_custom\" data-form_instance=\"ff_form_instance_1_1\" method=\"POST\" data-turnstile_key=\"0x4AAAAAAA_glxG7bOFt0OWL\" ><fieldset  style=\"border: none!important;margin: 0!important;padding: 0!important;background-color: transparent!important;box-shadow: none!important;outline: none!important; min-inline-size: 100%;\">\n                    <legend class=\"ff_screen_reader_title\" style=\"display: block; margin: 0!important;padding: 0!important;height: 0!important;text-indent: -999999px;width: 0!important;overflow:hidden;\">Kontakt forma<\/legend><input type='hidden' name='__fluent_form_embded_post_id' value='277' \/><input type=\"hidden\" id=\"_fluentform_1_fluentformnonce\" name=\"_fluentform_1_fluentformnonce\" value=\"df91c5f9f7\" \/><input type=\"hidden\" name=\"_wp_http_referer\" value=\"\/en\/wp-json\/wp\/v2\/pages\/277\" \/><div class='ff-el-group'><div class='ff-el-input--content'><div class='ff-el-form-check ff-el-form-check-'><label class='ff-el-form-check-label' for='checkbox_7db96072060718d76062b2c5dcafa69a'><input  type=\"checkbox\" name=\"checkbox[]\" data-name=\"checkbox\" class=\"ff-el-form-check-input ff-el-form-check-checkbox\" value=\"Prijevod dokumenata\"  id='checkbox_7db96072060718d76062b2c5dcafa69a' aria-label='Prijevod dokumenata' aria-invalid='false' aria-required=false> <span>Prijevod dokumenata<\/span><\/label><\/div><div class='ff-el-form-check ff-el-form-check-'><label class='ff-el-form-check-label' for='checkbox_a06d3e8804ffd572cd9de53bdc2717ff'><input  type=\"checkbox\" name=\"checkbox[]\" data-name=\"checkbox\" class=\"ff-el-form-check-input ff-el-form-check-checkbox\" value=\"Usluge sudskog tuma\u010da \"  id='checkbox_a06d3e8804ffd572cd9de53bdc2717ff' aria-label='Usluge sudskog tuma\u010da' aria-invalid='false' aria-required=false> <span>Usluge sudskog tuma\u010da <\/span><\/label><\/div><div class='ff-el-form-check ff-el-form-check-'><label class='ff-el-form-check-label' for='checkbox_e9df7c9f5354c89af219236cbe24bd2a'><input  type=\"checkbox\" name=\"checkbox[]\" data-name=\"checkbox\" class=\"ff-el-form-check-input ff-el-form-check-checkbox\" value=\"Usmeni (konferencijski) prijevod\"  id='checkbox_e9df7c9f5354c89af219236cbe24bd2a' aria-label='Usmeni (konferencijski) prijevod' aria-invalid='false' aria-required=false> <span>Usmeni (konferencijski) prijevod<\/span><\/label><\/div><div class='ff-el-form-check ff-el-form-check-'><label class='ff-el-form-check-label' for='checkbox_8976a41fe6dc5c2d7eae00946d1bef5f'><input  type=\"checkbox\" name=\"checkbox[]\" data-name=\"checkbox\" class=\"ff-el-form-check-input ff-el-form-check-checkbox\" value=\"Razvoj edukacije za zaposlenike\"  id='checkbox_8976a41fe6dc5c2d7eae00946d1bef5f' aria-label='Razvoj edukacije za zaposlenike' aria-invalid='false' aria-required=false> <span>Razvoj edukacije za zaposlenike<\/span><\/label><\/div><div class='ff-el-form-check ff-el-form-check-'><label class='ff-el-form-check-label' for='checkbox_3329793c8568598b5e1c15f2aa695bb8'><input  type=\"checkbox\" name=\"checkbox[]\" data-name=\"checkbox\" class=\"ff-el-form-check-input ff-el-form-check-checkbox\" value=\"Executive coaching\"  id='checkbox_3329793c8568598b5e1c15f2aa695bb8' aria-label='Executive coaching' aria-invalid='false' aria-required=false> <span>Executive coaching<\/span><\/label><\/div><div class='ff-el-form-check ff-el-form-check-'><label class='ff-el-form-check-label' for='checkbox_8f378c480014b81175c1c787143b3041'><input  type=\"checkbox\" name=\"checkbox[]\" data-name=\"checkbox\" class=\"ff-el-form-check-input ff-el-form-check-checkbox\" value=\"Razvoj leadershipa\"  id='checkbox_8f378c480014b81175c1c787143b3041' aria-label='Razvoj leadershipa' aria-invalid='false' aria-required=false> <span>Razvoj leadershipa<\/span><\/label><\/div><div class='ff-el-form-check ff-el-form-check-'><label class='ff-el-form-check-label' for='checkbox_433ec6bea024afa5806416fb10c19884'><input  type=\"checkbox\" name=\"checkbox[]\" data-name=\"checkbox\" class=\"ff-el-form-check-input ff-el-form-check-checkbox\" value=\"Pojedina\u010dna edukacija\"  id='checkbox_433ec6bea024afa5806416fb10c19884' aria-label='Pojedina\u010dna edukacija' aria-invalid='false' aria-required=false> <span>Pojedina\u010dna edukacija<\/span><\/label><\/div><\/div><\/div><div class='ff-el-group'><div class=\"ff-el-input--label ff-el-is-required asterisk-right\"><label for='ff_1_email' id='label_ff_1_email' aria-label=\"Email\">Email<\/label><\/div><div class='ff-el-input--content'><input type=\"email\" name=\"email\" id=\"ff_1_email\" class=\"ff-el-form-control\" data-name=\"email\"  aria-invalid=\"false\" aria-required=true><\/div><\/div><div data-type=\"name-element\" data-name=\"names\" class=\" ff-field_container ff-name-field-wrapper\" ><div class='ff-t-container'><div class='ff-t-cell '><div class='ff-el-group'><div class=\"ff-el-input--label ff-el-is-required asterisk-right\"><label for='ff_1_names_first_name_' id='label_ff_1_names_first_name_' >Ime i prezime<\/label><\/div><div class='ff-el-input--content'><input type=\"text\" name=\"names[first_name]\" id=\"ff_1_names_first_name_\" class=\"ff-el-form-control\" aria-invalid=\"false\" aria-required=true><\/div><\/div><\/div><\/div><\/div><div class='ff-el-group'><div class=\"ff-el-input--label asterisk-right\"><label for='ff_1_input_text' id='label_ff_1_input_text' aria-label=\"Telefon\">Telefon<\/label><\/div><div class='ff-el-input--content'><input type=\"text\" name=\"input_text\" class=\"ff-el-form-control\" data-name=\"input_text\" id=\"ff_1_input_text\"  aria-invalid=\"false\" aria-required=false><\/div><\/div><div class='ff-el-group'><div class=\"ff-el-input--label asterisk-right\"><label for='ff_1_message' id='label_ff_1_message' aria-label=\"Va\u0161a poruka\">Va\u0161a poruka<\/label><\/div><div class='ff-el-input--content'><textarea aria-required=\"false\" aria-labelledby=\"label_ff_1_message\" name=\"message\" id=\"ff_1_message\" class=\"ff-el-form-control\" rows=\"4\" cols=\"2\" data-name=\"message\" ><\/textarea><\/div><\/div><div class='ff-el-group'><div class='ff-el-input--content'><label for='ff_1_file-upload_1' class='ff_file_upload_holder'><span class='ff_upload_btn ff-btn' tabindex='0'>Odaberite datoteku<\/span> <input type=\"file\" name=\"file-upload\" id=\"ff_1_file-upload_1\" class=\"ff-el-form-control  ff-screen-reader-element\" data-name=\"file-upload\" multiple=\"1\"  aria-invalid='false' aria-required=false><\/label><\/div><\/div><div class='ff-el-group ' ><div class='ff-el-input--label'><label>Antispam za\u0161tita<\/label><\/div><div class='ff-el-input--content'><div data-fluent_id='1' name='cf-turnstile-response'><div\n\t\tdata-sitekey='0x4AAAAAAA_glxG7bOFt0OWL'\n\t\tdata-theme='auto'\n\t\tid='fluentform-turnstile-1-1'\n\t\tclass='ff-el-turnstile cf-turnstile'\n\t\tdata-appearance='always'><\/div><\/div><\/div><\/div><div class='ff-el-group ff-text-left ff_submit_btn_wrapper'><button type=\"submit\" class=\"ff-btn ff-btn-submit ff-btn-md ff_btn_style wpf_has_custom_css\"  aria-label=\"Po\u0161alji upit\">Po\u0161alji upit<\/button><\/div><\/fieldset><\/form><div id='fluentform_1_errors' class='ff-errors-in-stack ff_form_instance_1_1 ff-form-loading_errors ff_form_instance_1_1_errors'><\/div><\/div>            <script type=\"text\/javascript\">\n                window.fluent_form_ff_form_instance_1_1 = {\"id\":\"1\",\"settings\":{\"layout\":{\"labelPlacement\":\"top\",\"helpMessagePlacement\":\"with_label\",\"errorMessagePlacement\":\"inline\",\"cssClassName\":\"\",\"asteriskPlacement\":\"asterisk-right\"},\"restrictions\":{\"denyEmptySubmission\":{\"enabled\":false}}},\"form_instance\":\"ff_form_instance_1_1\",\"form_id_selector\":\"fluentform_1\",\"rules\":{\"checkbox\":{\"required\":{\"value\":false,\"message\":\"This field is required\",\"global_message\":\"This field is required\",\"global\":true}},\"email\":{\"required\":{\"value\":true,\"message\":\"Ovo polje je obavezno\",\"global\":false,\"global_message\":\"This field is required\"},\"email\":{\"value\":true,\"message\":\"Ovo polje mora sadr\\u017eavati valjanu email adresu\",\"global\":false,\"global_message\":\"This field must contain a valid email\"}},\"names[first_name]\":{\"required\":{\"value\":true,\"message\":\"Ovo polje je obavezno\",\"global\":false,\"global_message\":\"This field is required\"}},\"names[middle_name]\":{\"required\":{\"value\":false,\"message\":\"This field is required\",\"global\":false,\"global_message\":\"This field is required\"}},\"names[last_name]\":{\"required\":{\"value\":false,\"message\":\"This field is required\",\"global\":false,\"global_message\":\"This field is required\"}},\"input_text\":{\"required\":{\"value\":false,\"message\":\"This field is required\",\"global_message\":\"This field is required\",\"global\":true}},\"message\":{\"required\":{\"value\":false,\"message\":\"Ovo polje je obavezno\",\"global\":false,\"global_message\":\"This field is required\"}},\"file-upload\":{\"required\":{\"value\":false,\"message\":\"This field is required\",\"global_message\":\"This field is required\",\"global\":true},\"max_file_size\":{\"value\":1048576,\"_valueFrom\":\"MB\",\"message\":\"Validation fails for maximum file size\",\"global_message\":\"Validation fails for maximum file size\",\"global\":true},\"max_file_count\":{\"value\":1,\"message\":\"Validation fails for maximum file count\",\"global_message\":\"Validation fails for maximum file count\",\"global\":true},\"allowed_file_types\":{\"value\":[],\"message\":\"Invalid file type\",\"global_message\":\"Invalid file type\",\"global\":true}},\"cf-turnstile-response\":[]},\"debounce_time\":300};\n                            <\/script>\n            <\/div>\n<\/div>\n<\/div><div class=\"bde-column-277-103 bde-column\">\n  \n  \n\t\n\n\n\n<div class=\"bde-div-277-123 bde-div\">\n  \n  \n\t\n\n\n\n<h2 class=\"bde-heading-277-126 bde-heading\">\nKontaktirajte nas\n<\/h2><div class=\"bde-div-277-124 bde-div\">\n  \n  \n\t\n\n\n\n<div class=\"bde-text-277-127 bde-text\">\nProjectus grupa d.o.o.\n<\/div><div class=\"bde-text-277-134 bde-text\">\nMarti\u0107eva 6, 10000 Zagreb\n<\/div><a class=\"bde-container-link-277-137 bde-container-link breakdance-link\" href=\"mailto:info@projectus-grupa.hr\" target=\"_self\" data-type=\"url\">\n  \n  \n\t\n\n\n\n<div class=\"bde-text-277-135 bde-text\">\ninfo@projectus-grupa.hr\n<\/div>\n\n<\/a><div class=\"bde-text-277-136 bde-text\">\nPon - pet: 8:30 - 16:30\n<\/div>\n<\/div><div class=\"bde-google-map-277-133 bde-google-map\">\r\n<iframe width=\"100%\" height=\"100%\" style=\"border:0\" loading=\"lazy\" title=\"Map\" src=\"https:\/\/maps.google.com\/maps?q=Marti%C4%87eva+6&t=m&z=14&output=embed&iwloc=near\" allowfullscreen><\/iframe>\n<\/div>\n<\/div>\n<\/div><\/div><\/div>\n<\/section>","protected":false},"excerpt":{"rendered":"<p>Imate pitanje? Ozna\u010dite o \u010demu se radi kako bismo vam br\u017ee i konstruktivnije odgovorili Kontakt forma Prijevod dokumenata Usluge sudskog tuma\u010da Usmeni (konferencijski) prijevod Razvoj edukacije za zaposlenike Executive coaching Razvoj leadershipa Pojedina\u010dna edukacijaEmailIme i prezimeTelefonVa\u0161a porukaOdaberite datoteku Antispam za\u0161titaPo\u0161alji upit Kontaktirajte nas Projectus grupa d.o.o. Marti\u0107eva 6, 10000 Zagreb info@projectus-grupa.hr Pon &#8211; pet: 8:30 [&hellip;]<\/p>\n","protected":false},"author":1,"featured_media":0,"parent":0,"menu_order":0,"comment_status":"closed","ping_status":"closed","template":"","meta":{"_acf_changed":false,"_breakdance_hide_in_design_set":false,"_breakdance_tags":"","iawp_total_views":440,"footnotes":""},"class_list":["post-277","page","type-page","status-publish","hentry"],"acf":[],"_links":{"self":[{"href":"https:\/\/projectus-grupa.hr\/en\/wp-json\/wp\/v2\/pages\/277","targetHints":{"allow":["GET"]}}],"collection":[{"href":"https:\/\/projectus-grupa.hr\/en\/wp-json\/wp\/v2\/pages"}],"about":[{"href":"https:\/\/projectus-grupa.hr\/en\/wp-json\/wp\/v2\/types\/page"}],"author":[{"embeddable":true,"href":"https:\/\/projectus-grupa.hr\/en\/wp-json\/wp\/v2\/users\/1"}],"replies":[{"embeddable":true,"href":"https:\/\/projectus-grupa.hr\/en\/wp-json\/wp\/v2\/comments?post=277"}],"version-history":[{"count":40,"href":"https:\/\/projectus-grupa.hr\/en\/wp-json\/wp\/v2\/pages\/277\/revisions"}],"predecessor-version":[{"id":1590,"href":"https:\/\/projectus-grupa.hr\/en\/wp-json\/wp\/v2\/pages\/277\/revisions\/1590"}],"wp:attachment":[{"href":"https:\/\/projectus-grupa.hr\/en\/wp-json\/wp\/v2\/media?parent=277"}],"curies":[{"name":"wp","href":"https:\/\/api.w.org\/{rel}","templated":true}]}}