{"id":68,"date":"2024-05-16T14:06:36","date_gmt":"2024-05-16T14:06:36","guid":{"rendered":"https:\/\/new.projectus-grupa.hr\/?page_id=68"},"modified":"2025-11-12T13:41:58","modified_gmt":"2025-11-12T12:41:58","slug":"written-translations","status":"publish","type":"page","link":"https:\/\/projectus-grupa.hr\/en\/prijevodi\/","title":{"rendered":"Language Services"},"content":{"rendered":"<section class=\"bde-section-68-217 bde-section\">\n  \n  \n\t\n\n\n\n<div class=\"section-container\"><div class=\"bde-div-68-218 bde-div\">\n  \n  \n\t\n\n\n\n\n<\/div><div class=\"bde-div-68-219 bde-div\">\n  \n  \n\t\n\n\n\n\n<\/div><div class=\"bde-div-68-220 bde-div\">\n  \n  \n\t\n\n\n\n<div class=\"bde-div-68-221 bde-div\">\n  \n  \n\t\n\n\n\n<div class=\"bde-div-68-248 bde-div\">\n  \n  \n\t\n\n\n\n<h1 class=\"bde-heading-68-222 bde-heading\">\nPrijevodi dokumenata\n<\/h1><div class=\"bde-rich-text-68-272 bde-rich-text breakdance-rich-text-styles\">\n<p><strong>Vi\u0161e od 10 godina prevoditelji smo od povjerenja za Europsku komisiju, Europski parlament i druge EU institucije.<\/strong><\/p>\n<\/div><div class=\"bde-text-68-223 bde-text\">\nUspje\u0161no sura\u0111ujemo s brojnim doma\u0107im kompanijama kojima su pri odabiru partnera za prijevode odgovornost i kvaliteta na prvom mjestu.\n<\/div><a class=\"bde-container-link-68-298 bde-container-link breakdance-link\" href=\"https:\/\/projectus-grupa.hr\/prijevodi\/#kontakt\" target=\"_self\" data-type=\"url\">\n  \n  \n\t\n\n\n\n<div class=\"bde-div-68-299 bde-div\">\n  \n  \n\t\n\n\n\n<div class=\"bde-text-68-300 bde-text\">\nPo\u0161aljite upit\n<\/div>\n<\/div>\n\n<\/a>\n<\/div>\n<\/div><div class=\"bde-div-68-224 bde-div\">\n  \n  \n\t\n\n\n\n<div class=\"bde-image-68-225 bde-image\">\n<figure class=\"breakdance-image breakdance-image--1686\">\n\t<div class=\"breakdance-image-container\">\n\t\t<div class=\"breakdance-image-clip\"><img loading=\"lazy\" decoding=\"async\" class=\"breakdance-image-object\" src=\"https:\/\/projectus-grupa.hr\/wp-content\/uploads\/2025\/10\/lektura-teksta-v2.webp\" width=\"1000\" height=\"768\" srcset=\"https:\/\/projectus-grupa.hr\/wp-content\/uploads\/2025\/10\/lektura-teksta-v2.webp 1000w, https:\/\/projectus-grupa.hr\/wp-content\/uploads\/2025\/10\/lektura-teksta-v2-300x230.webp 300w, https:\/\/projectus-grupa.hr\/wp-content\/uploads\/2025\/10\/lektura-teksta-v2-768x590.webp 768w, https:\/\/projectus-grupa.hr\/wp-content\/uploads\/2025\/10\/lektura-teksta-v2-16x12.webp 16w\" sizes=\"auto, (max-width: 1000px) 100vw, 1000px\"><\/div>\n\t<\/div><\/figure>\n\n<\/div>\n<\/div>\n<\/div><\/div>\n<\/section><section class=\"bde-section-68-253 bde-section\">\n  \n  \n\t\n\n\n\n<div class=\"section-container\"><h2 class=\"bde-heading-68-254 bde-heading\">\nProfesionalni prijevodi poslovnih i drugih dokumenata\n<\/h2><div class=\"bde-div-68-258 bde-div\">\n  \n  \n\t\n\n\n\n<div class=\"bde-text-68-255 bde-text\">\nKad poslujete na me\u0111unarodnoj razini, preciznost je presudna. Od marketinga i poslovnih izvje\u0161\u0107a, preko pravnih i medicinskih dokumenata do tehni\u010dkih priru\u010dnika i interne komunikacije: u na\u0161im prijevodima va\u0161a poruka bit \u0107e jasna, profesionalna i prilago\u0111ena kulturi ciljnog jezika.\n<\/div><div class=\"bde-text-68-273 bde-text\">\nU Projectus grupi ne prevodimo rije\u010d po rije\u010d, ve\u0107 prenosimo smisao i ton va\u0161eg brenda. Na\u0161i iskusni prevoditelji prilago\u0111avaju sadr\u017eaj publici i tr\u017ei\u0161tu kako bi zvu\u010dao prirodno, to\u010dno i uvjerljivo.\n<\/div>\n<\/div><\/div>\n<\/section><section class=\"bde-section-68-120 bde-section\">\n  \n  \n\t\n\n\n\n<div class=\"section-container\"><h2 class=\"bde-heading-68-119 bde-heading\">\nVrste prijevoda i specijalizacije\n<\/h2><div class=\"bde-post-loop-68-252 bde-post-loop\"><div class=\"bde-loop bde-loop-grid ee-posts ee-posts-grid\">    <article class=\"bde-loop-item ee-post\">\n        <a class=\"bde-container-link-748-100-1010-748-1 bde-container-link bde-container-link-748-100 breakdance-link\" target=\"_self\" data-type=\"url\">\n  \n  \n\t\n\n\n\n<div class=\"bde-div-748-108-1010-748-1 bde-div bde-div-748-108\">\n  \n  \n\t\n\n\n\n<div class=\"bde-div-748-101-1010-748-1 bde-div bde-div-748-101\">\n  \n  \n\t\n\n\n\n<h4 class=\"bde-heading-748-102-1010-748-1 bde-heading bde-heading-748-102\">\nPravni prijevodi\n<\/h4>\n<\/div><div class=\"bde-div-748-106-1010-748-1 bde-div bde-div-748-106\">\n  \n  \n\t\n\n\n\n<div class=\"bde-text-748-107-1010-748-1 bde-text bde-text-748-107\">\n<p>ugovori i sporazumi, osniva\u010dki akti, presude, izvadci iz registara, uvjerenja i potvrde itd.<\/p>\n\n<\/div>\n<\/div>\n<\/div>\n\n<\/a>    <\/article>\n    <article class=\"bde-loop-item ee-post\">\n        <a class=\"bde-container-link-748-100-1046-748-1 bde-container-link bde-container-link-748-100 breakdance-link\" target=\"_self\" data-type=\"url\">\n  \n  \n\t\n\n\n\n<div class=\"bde-div-748-108-1046-748-1 bde-div bde-div-748-108\">\n  \n  \n\t\n\n\n\n<div class=\"bde-div-748-101-1046-748-1 bde-div bde-div-748-101\">\n  \n  \n\t\n\n\n\n<h4 class=\"bde-heading-748-102-1046-748-1 bde-heading bde-heading-748-102\">\nMedicina i farmacija\n<\/h4>\n<\/div><div class=\"bde-div-748-106-1046-748-1 bde-div bde-div-748-106\">\n  \n  \n\t\n\n\n\n<div class=\"bde-text-748-107-1046-748-1 bde-text bde-text-748-107\">\n<p>bro\u0161ure, katalozi, nalazi, upute o lijeku, sa\u017eeci svojstava lijekova, dokumentacija za klini\u010dka ispitivanja, upute za medicinske ure\u0111aje itd.<\/p>\n\n<\/div>\n<\/div>\n<\/div>\n\n<\/a>    <\/article>\n    <article class=\"bde-loop-item ee-post\">\n        <a class=\"bde-container-link-748-100-1047-748-1 bde-container-link bde-container-link-748-100 breakdance-link\" target=\"_self\" data-type=\"url\">\n  \n  \n\t\n\n\n\n<div class=\"bde-div-748-108-1047-748-1 bde-div bde-div-748-108\">\n  \n  \n\t\n\n\n\n<div class=\"bde-div-748-101-1047-748-1 bde-div bde-div-748-101\">\n  \n  \n\t\n\n\n\n<h4 class=\"bde-heading-748-102-1047-748-1 bde-heading bde-heading-748-102\">\nIT\n<\/h4>\n<\/div><div class=\"bde-div-748-106-1047-748-1 bde-div bde-div-748-106\">\n  \n  \n\t\n\n\n\n<div class=\"bde-text-748-107-1047-748-1 bde-text bde-text-748-107\">\n<p>lokalizacija web stranica, internetskih trgovina i aplikacija, priru\u010dnici za softver, politike informacijske sigurnosti, materijali za e-u\u010denje itd.<\/p>\n\n<\/div>\n<\/div>\n<\/div>\n\n<\/a>    <\/article>\n    <article class=\"bde-loop-item ee-post\">\n        <a class=\"bde-container-link-748-100-1048-748-1 bde-container-link bde-container-link-748-100 breakdance-link\" target=\"_self\" data-type=\"url\">\n  \n  \n\t\n\n\n\n<div class=\"bde-div-748-108-1048-748-1 bde-div bde-div-748-108\">\n  \n  \n\t\n\n\n\n<div class=\"bde-div-748-101-1048-748-1 bde-div bde-div-748-101\">\n  \n  \n\t\n\n\n\n<h4 class=\"bde-heading-748-102-1048-748-1 bde-heading bde-heading-748-102\">\nFinancije\n<\/h4>\n<\/div><div class=\"bde-div-748-106-1048-748-1 bde-div bde-div-748-106\">\n  \n  \n\t\n\n\n\n<div class=\"bde-text-748-107-1048-748-1 bde-text bde-text-748-107\">\n<p>financijski izvje\u0161taji, revizorska izvje\u0161\u0107a, poslovni planovi, prospekti, porezni dokumenti, police osiguranja itd.<\/p>\n\n<\/div>\n<\/div>\n<\/div>\n\n<\/a>    <\/article>\n    <article class=\"bde-loop-item ee-post\">\n        <a class=\"bde-container-link-748-100-1049-748-1 bde-container-link bde-container-link-748-100 breakdance-link\" target=\"_self\" data-type=\"url\">\n  \n  \n\t\n\n\n\n<div class=\"bde-div-748-108-1049-748-1 bde-div bde-div-748-108\">\n  \n  \n\t\n\n\n\n<div class=\"bde-div-748-101-1049-748-1 bde-div bde-div-748-101\">\n  \n  \n\t\n\n\n\n<h4 class=\"bde-heading-748-102-1049-748-1 bde-heading bde-heading-748-102\">\nMarketing i komunikacije\n<\/h4>\n<\/div><div class=\"bde-div-748-106-1049-748-1 bde-div bde-div-748-106\">\n  \n  \n\t\n\n\n\n<div class=\"bde-text-748-107-1049-748-1 bde-text bde-text-748-107\">\n<p>priop\u0107enja, istra\u017eivanja tr\u017ei\u0161ta, ankete, internetske stranice, email kampanje i bilteni, sadr\u017eaji za dru\u0161tvene mre\u017ee itd.<\/p>\n\n<\/div>\n<\/div>\n<\/div>\n\n<\/a>    <\/article>\n    <article class=\"bde-loop-item ee-post\">\n        <a class=\"bde-container-link-748-100-1050-748-1 bde-container-link bde-container-link-748-100 breakdance-link\" target=\"_self\" data-type=\"url\">\n  \n  \n\t\n\n\n\n<div class=\"bde-div-748-108-1050-748-1 bde-div bde-div-748-108\">\n  \n  \n\t\n\n\n\n<div class=\"bde-div-748-101-1050-748-1 bde-div bde-div-748-101\">\n  \n  \n\t\n\n\n\n<h4 class=\"bde-heading-748-102-1050-748-1 bde-heading bde-heading-748-102\">\nTehnika\n<\/h4>\n<\/div><div class=\"bde-div-748-106-1050-748-1 bde-div bde-div-748-106\">\n  \n  \n\t\n\n\n\n<div class=\"bde-text-748-107-1050-748-1 bde-text bde-text-748-107\">\n<p>tehni\u010dki listovi, tehni\u010dke specifikacije, priru\u010dnici i upute za uporabu, certifikati, patenti itd.<\/p>\n\n<\/div>\n<\/div>\n<\/div>\n\n<\/a>    <\/article>\n<\/div>\r\n<\/div><\/div>\n<\/section><section class=\"bde-section-68-302 bde-section\">\n  \n  \n\t\n\n\n\n<div class=\"section-container\"><div class=\"bde-fancy-testimonial-68-303 bde-fancy-testimonial\">\n<div class='bde-fancy-testimonial_content'>\n    <div class='bde-fancy-testimonial_title' >\n    Iskustvo korisnika\n  <\/div>\n  \n  <div class='bde-fancy-testimonial_text'>\n        <div class=\"bde-fancy-testimonial_quote\" aria-hidden=\"true\"><svg xmlns=\"http:\/\/www.w3.org\/2000\/svg\" id=\"icon-quotes-left\" viewBox=\"0 0 32 32\">\r\n<path d=\"M7.031 14c3.866 0 7 3.134 7 7s-3.134 7-7 7-7-3.134-7-7l-0.031-1c0-7.732 6.268-14 14-14v4c-2.671 0-5.182 1.040-7.071 2.929-0.364 0.364-0.695 0.751-0.995 1.157 0.357-0.056 0.724-0.086 1.097-0.086zM25.031 14c3.866 0 7 3.134 7 7s-3.134 7-7 7-7-3.134-7-7l-0.031-1c0-7.732 6.268-14 14-14v4c-2.671 0-5.182 1.040-7.071 2.929-0.364 0.364-0.695 0.751-0.995 1.157 0.358-0.056 0.724-0.086 1.097-0.086z\"\/>\r\n<\/svg><\/div>\n    <div class=\"bde-fancy-testimonial_quote\" aria-hidden=\"true\"><svg xmlns=\"http:\/\/www.w3.org\/2000\/svg\" id=\"icon-quotes-left\" viewBox=\"0 0 32 32\">\r\n<path d=\"M7.031 14c3.866 0 7 3.134 7 7s-3.134 7-7 7-7-3.134-7-7l-0.031-1c0-7.732 6.268-14 14-14v4c-2.671 0-5.182 1.040-7.071 2.929-0.364 0.364-0.695 0.751-0.995 1.157 0.357-0.056 0.724-0.086 1.097-0.086zM25.031 14c3.866 0 7 3.134 7 7s-3.134 7-7 7-7-3.134-7-7l-0.031-1c0-7.732 6.268-14 14-14v4c-2.671 0-5.182 1.040-7.071 2.929-0.364 0.364-0.695 0.751-0.995 1.157 0.358-0.056 0.724-0.086 1.097-0.086z\"\/>\r\n<\/svg><\/div>\n        <p  class='bde-fancy-testimonial_text_text'>Kao zrakoplovna tvrtka trebamo precizne prijevode. U Projectusu ih uvijek dobivamo, i to u kombinaciji s osobnim pristupom i brzom komunikacijom. <\/p>\n  <\/div>\n              <div class='bde-fancy-testimonial_rate' role=\"img\" aria-label=\"5 out of 5 stars\">\n                          <svg aria-hidden=\"true\" xmlns=\"http:\/\/www.w3.org\/2000\/svg\" viewBox=\"0 0 576 512\"><path d=\"M259.3 17.8L194 150.2 47.9 171.5c-26.2 3.8-36.7 36.1-17.7 54.6l105.7 103-25 145.5c-4.5 26.3 23.2 46 46.4 33.7L288 439.6l130.7 68.7c23.2 12.2 50.9-7.4 46.4-33.7l-25-145.5 105.7-103c19-18.5 8.5-50.8-17.7-54.6L382 150.2 316.7 17.8c-11.7-23.6-45.6-23.9-57.4 0z\"\/><\/svg>\n\n                                  <svg aria-hidden=\"true\" xmlns=\"http:\/\/www.w3.org\/2000\/svg\" viewBox=\"0 0 576 512\"><path d=\"M259.3 17.8L194 150.2 47.9 171.5c-26.2 3.8-36.7 36.1-17.7 54.6l105.7 103-25 145.5c-4.5 26.3 23.2 46 46.4 33.7L288 439.6l130.7 68.7c23.2 12.2 50.9-7.4 46.4-33.7l-25-145.5 105.7-103c19-18.5 8.5-50.8-17.7-54.6L382 150.2 316.7 17.8c-11.7-23.6-45.6-23.9-57.4 0z\"\/><\/svg>\n\n                                  <svg aria-hidden=\"true\" xmlns=\"http:\/\/www.w3.org\/2000\/svg\" viewBox=\"0 0 576 512\"><path d=\"M259.3 17.8L194 150.2 47.9 171.5c-26.2 3.8-36.7 36.1-17.7 54.6l105.7 103-25 145.5c-4.5 26.3 23.2 46 46.4 33.7L288 439.6l130.7 68.7c23.2 12.2 50.9-7.4 46.4-33.7l-25-145.5 105.7-103c19-18.5 8.5-50.8-17.7-54.6L382 150.2 316.7 17.8c-11.7-23.6-45.6-23.9-57.4 0z\"\/><\/svg>\n\n                                  <svg aria-hidden=\"true\" xmlns=\"http:\/\/www.w3.org\/2000\/svg\" viewBox=\"0 0 576 512\"><path d=\"M259.3 17.8L194 150.2 47.9 171.5c-26.2 3.8-36.7 36.1-17.7 54.6l105.7 103-25 145.5c-4.5 26.3 23.2 46 46.4 33.7L288 439.6l130.7 68.7c23.2 12.2 50.9-7.4 46.4-33.7l-25-145.5 105.7-103c19-18.5 8.5-50.8-17.7-54.6L382 150.2 316.7 17.8c-11.7-23.6-45.6-23.9-57.4 0z\"\/><\/svg>\n\n                                  <svg aria-hidden=\"true\" xmlns=\"http:\/\/www.w3.org\/2000\/svg\" viewBox=\"0 0 576 512\"><path d=\"M259.3 17.8L194 150.2 47.9 171.5c-26.2 3.8-36.7 36.1-17.7 54.6l105.7 103-25 145.5c-4.5 26.3 23.2 46 46.4 33.7L288 439.6l130.7 68.7c23.2 12.2 50.9-7.4 46.4-33.7l-25-145.5 105.7-103c19-18.5 8.5-50.8-17.7-54.6L382 150.2 316.7 17.8c-11.7-23.6-45.6-23.9-57.4 0z\"\/><\/svg>\n\n                  <\/div>\n      <div class='bde-fancy-testimonial_name' >\n    Helena Kri\u017ean\n  <\/div>\n      <div class='bde-fancy-testimonial_occupation' >\n    Fly Air41 Airways\n  <\/div>\n    <\/div>\n\n<\/div><\/div>\n<\/section><section class=\"bde-section-68-259 bde-section\">\n  \n  \n\t\n\n\n\n<div class=\"section-container\"><h2 class=\"bde-heading-68-264 bde-heading\">\nPrevedene dokumente mo\u017eemo prelomiti <br>i oblikovati\n<\/h2><div class=\"bde-div-68-267 bde-div\">\n  \n  \n\t\n\n\n\n<div class=\"bde-text-68-265 bde-text\">\nPri prevo\u0111enju letaka, bro\u0161ura, uputa za upotrebu, pdf priru\u010dnika i<br>drugih dokumenata sadr\u017eaj prijevoda aplicira se u neki postoje\u0107i predlo\u017eak kako bi izgled bio jednak originalu (samo na drugom jeziku).\n<\/div><div class=\"bde-text-68-266 bde-text\">\nAko nam po\u0161aljete \u201eotvorene\u201d datoteke, mi vam mo\u017eemo unijeti<br>prevedeni sadr\u017eaj, ali i prema potrebi prilagoditi grafi\u010dki dizajn i napraviti pripremu za tisak (DTP).\n<\/div>\n<\/div><\/div>\n<\/section><section class=\"bde-section-68-274 bde-section\">\n  \n  \n\t\n\n\n\n<div class=\"section-container\"><div class=\"bde-div-68-275 bde-div\">\n  \n  \n\t\n\n\n\n<div class=\"bde-div-68-276 bde-div\">\n  \n  \n\t\n\n\n\n<div class=\"bde-image-68-277 bde-image\">\n<figure class=\"breakdance-image breakdance-image--1181\">\n\t<div class=\"breakdance-image-container\">\n\t\t<div class=\"breakdance-image-clip\"><img decoding=\"async\" class=\"breakdance-image-object\" src=\"https:\/\/projectus-grupa.hr\/wp-content\/uploads\/2025\/01\/ikona-usklicnik.svg\" width=\"\" height=\"\"><\/div>\n\t<\/div><\/figure>\n\n<\/div><h3 class=\"bde-heading-68-278 bde-heading\">\nGarantiramo kvalitetu i vrhunske rezultate\n<\/h3><div class=\"bde-div-68-279 bde-div\">\n  \n  \n\t\n\n\n\n<div class=\"bde-text-68-280 bde-text\">\nSlijedimo strogi sustav kvalitete prema normama ISO 9001 i ISO 17100 u kojem svaki prijevod uklju\u010duje nekoliko faza i rad vi\u0161e stru\u010dnjaka s odgovaraju\u0107im kvalifikacijama i iskustvom.\n<\/div>\n<\/div><div class=\"bde-image-68-289 bde-image\">\n<figure class=\"breakdance-image breakdance-image--1198\">\n\t<div class=\"breakdance-image-container\">\n\t\t<div class=\"breakdance-image-clip\"><img loading=\"lazy\" decoding=\"async\" class=\"breakdance-image-object\" src=\"https:\/\/projectus-grupa.hr\/wp-content\/uploads\/2025\/01\/BV-Certification-ISO9001-ISO17100-PNG.png\" width=\"500\" height=\"250\" srcset=\"https:\/\/projectus-grupa.hr\/wp-content\/uploads\/2025\/01\/BV-Certification-ISO9001-ISO17100-PNG.png 500w, https:\/\/projectus-grupa.hr\/wp-content\/uploads\/2025\/01\/BV-Certification-ISO9001-ISO17100-PNG-300x150.png 300w, https:\/\/projectus-grupa.hr\/wp-content\/uploads\/2025\/01\/BV-Certification-ISO9001-ISO17100-PNG-18x9.png 18w\" sizes=\"auto, (max-width: 500px) 100vw, 500px\"><\/div>\n\t<\/div><\/figure>\n\n<\/div>\n<\/div>\n<\/div><\/div>\n<\/section><section class=\"bde-section-68-209 bde-section\">\n  \n  \n\t\n\n\n\n<div class=\"section-container\"><div class=\"bde-div-68-210 bde-div\">\n  \n  \n\t\n\n\n\n<div class=\"bde-columns-68-211 bde-columns\"><div class=\"bde-column-68-212 bde-column\">\n  \n  \n\t\n\n\n\n<h2 class=\"bde-heading-68-214 bde-heading\">\nLektura teksta na hrvatskom ili stranom jeziku i jezi\u010dno savjetovanje\n<\/h2><div class=\"bde-div-68-288 bde-div\">\n  \n  \n\t\n\n\n\n<div class=\"bde-text-68-246 bde-text\">\nAko \u017eelite impresionirati potencijalne poslovne partnere ili klijente, va\u0161 sadr\u017eaj i dokumenti moraju biti besprijekorno pismeni i uredni.\n<\/div><div class=\"bde-text-68-249 bde-text\">\nSvoje gre\u0161ke te\u0161ko \u0107ete prona\u0107i sami, treba vam pomo\u0107 lektora koji \u0107e provjeriti pravopis i gramatiku i stilski urediti tekst.\n<\/div><div class=\"bde-text-68-250 bde-text\">\nZa vas mo\u017eemo izraditi glosare i terminolo\u0161ke baze.\n<\/div><div class=\"bde-text-68-251 bde-text\">\n\n<\/div>\n<\/div>\n<\/div><div class=\"bde-column-68-213 bde-column\">\n  \n  \n\t\n\n\n\n<div class=\"bde-image-68-287 bde-image\">\n<figure class=\"breakdance-image breakdance-image--1710\">\n\t<div class=\"breakdance-image-container\">\n\t\t<div class=\"breakdance-image-clip\"><img loading=\"lazy\" decoding=\"async\" class=\"breakdance-image-object\" src=\"https:\/\/projectus-grupa.hr\/wp-content\/uploads\/2025\/10\/prijevodi-dokumenata-lektura-teksta.webp\" width=\"1000\" height=\"667\" srcset=\"https:\/\/projectus-grupa.hr\/wp-content\/uploads\/2025\/10\/prijevodi-dokumenata-lektura-teksta.webp 1000w, https:\/\/projectus-grupa.hr\/wp-content\/uploads\/2025\/10\/prijevodi-dokumenata-lektura-teksta-300x200.webp 300w, https:\/\/projectus-grupa.hr\/wp-content\/uploads\/2025\/10\/prijevodi-dokumenata-lektura-teksta-768x512.webp 768w, https:\/\/projectus-grupa.hr\/wp-content\/uploads\/2025\/10\/prijevodi-dokumenata-lektura-teksta-18x12.webp 18w\" sizes=\"auto, (max-width: 1000px) 100vw, 1000px\"><\/div>\n\t<\/div><\/figure>\n\n<\/div>\n<\/div><\/div>\n<\/div><\/div>\n<\/section><section id=\"kontakt\" class=\"bde-section-68-290 bde-section\">\n  \n  \n\t\n\n\n\n<div class=\"section-container\"><div class=\"bde-div-68-291 bde-div\">\n  \n  \n\t\n\n\n\n<div class=\"bde-columns-68-292 bde-columns\"><div class=\"bde-column-68-293 bde-column\">\n  \n  \n\t\n\n\n\n<h3 class=\"bde-heading-68-294 bde-heading\">\nZanima vas neka od usluga?\n<\/h3><div class=\"bde-text-68-304 bde-text\">\nIspunite obrazac i javit \u0107emo vam se u najkra\u0107em roku.\n<\/div>\n<\/div><div class=\"bde-column-68-296 bde-column\">\n  \n  \n\t\n\n\n\n<div class=\"bde-code-block-68-301 bde-code-block\">\n\n\n\n<\/div><div class=\"bde-shortcode-68-297 bde-shortcode\"><div class='fluentform ff-default fluentform_wrapper_5 ffs_custom_wrap'><form data-form_id=\"5\" id=\"fluentform_5\" class=\"frm-fluent-form fluent_form_5 ff-el-form-top ff_form_instance_5_1 ff-form-loading ffs_custom\" data-form_instance=\"ff_form_instance_5_1\" method=\"POST\" data-turnstile_key=\"0x4AAAAAAA_glxG7bOFt0OWL\" ><fieldset  style=\"border: none!important;margin: 0!important;padding: 0!important;background-color: transparent!important;box-shadow: none!important;outline: none!important; min-inline-size: 100%;\">\n                    <legend class=\"ff_screen_reader_title\" style=\"display: block; margin: 0!important;padding: 0!important;height: 0!important;text-indent: -999999px;width: 0!important;overflow:hidden;\">Kontakt forma Usluga<\/legend><input type='hidden' name='__fluent_form_embded_post_id' value='68' \/><input type=\"hidden\" id=\"_fluentform_5_fluentformnonce\" name=\"_fluentform_5_fluentformnonce\" value=\"72fdefe85f\" \/><input type=\"hidden\" name=\"_wp_http_referer\" value=\"\/en\/wp-json\/wp\/v2\/pages\/68\" \/><div class='ff-el-group'><div class=\"ff-el-input--label ff-el-is-required asterisk-right\"><label for='ff_5_email' id='label_ff_5_email' aria-label=\"Email\">Email<\/label><\/div><div class='ff-el-input--content'><input type=\"email\" name=\"email\" id=\"ff_5_email\" class=\"ff-el-form-control\" data-name=\"email\"  aria-invalid=\"false\" aria-required=true><\/div><\/div><div data-type=\"name-element\" data-name=\"names\" class=\" ff-field_container ff-name-field-wrapper\" ><div class='ff-t-container'><div class='ff-t-cell '><div class='ff-el-group'><div class=\"ff-el-input--label ff-el-is-required asterisk-right\"><label for='ff_5_names_first_name_' id='label_ff_5_names_first_name_' >Ime i prezime<\/label><\/div><div class='ff-el-input--content'><input type=\"text\" name=\"names[first_name]\" id=\"ff_5_names_first_name_\" class=\"ff-el-form-control\" aria-invalid=\"false\" aria-required=true><\/div><\/div><\/div><\/div><\/div><div class='ff-el-group'><div class=\"ff-el-input--label asterisk-right\"><label for='ff_5_input_text' id='label_ff_5_input_text' aria-label=\"Telefon\">Telefon<\/label><\/div><div class='ff-el-input--content'><input type=\"text\" name=\"input_text\" class=\"ff-el-form-control\" data-name=\"input_text\" id=\"ff_5_input_text\"  aria-invalid=\"false\" aria-required=false><\/div><\/div><div class='ff-el-group'><div class=\"ff-el-input--label asterisk-right\"><label for='ff_5_message' id='label_ff_5_message' aria-label=\"Va\u0161a poruka\">Va\u0161a poruka<\/label><\/div><div class='ff-el-input--content'><textarea aria-required=\"false\" aria-labelledby=\"label_ff_5_message\" name=\"message\" id=\"ff_5_message\" class=\"ff-el-form-control\" rows=\"4\" cols=\"2\" data-name=\"message\" ><\/textarea><\/div><\/div><div class='ff-el-group'><div class='ff-el-input--content'><label for='ff_5_file-upload_1' class='ff_file_upload_holder'><span class='ff_upload_btn ff-btn' tabindex='0'>Odaberite datoteku<\/span> <input type=\"file\" name=\"file-upload\" id=\"ff_5_file-upload_1\" class=\"ff-el-form-control  ff-screen-reader-element\" data-name=\"file-upload\" multiple=\"1\"  aria-invalid='false' aria-required=false><\/label><\/div><\/div><div class='ff-el-group ' ><div class='ff-el-input--label'><label>Antispam za\u0161tita<\/label><\/div><div class='ff-el-input--content'><div data-fluent_id='5' name='cf-turnstile-response'><div\n\t\tdata-sitekey='0x4AAAAAAA_glxG7bOFt0OWL'\n\t\tdata-theme='auto'\n\t\tid='fluentform-turnstile-5-1'\n\t\tclass='ff-el-turnstile cf-turnstile'\n\t\tdata-appearance='always'><\/div><\/div><\/div><\/div><div class='ff-el-group ff-text-left ff_submit_btn_wrapper'><button type=\"submit\" class=\"ff-btn ff-btn-submit ff-btn-md ff_btn_style wpf_has_custom_css\"  aria-label=\"Po\u0161alji upit\">Po\u0161alji upit<\/button><\/div><\/fieldset><\/form><div id='fluentform_5_errors' class='ff-errors-in-stack ff_form_instance_5_1 ff-form-loading_errors ff_form_instance_5_1_errors'><\/div><\/div>            <script type=\"text\/javascript\">\n                window.fluent_form_ff_form_instance_5_1 = {\"id\":\"5\",\"settings\":{\"layout\":{\"labelPlacement\":\"top\",\"helpMessagePlacement\":\"with_label\",\"errorMessagePlacement\":\"inline\",\"cssClassName\":\"\",\"asteriskPlacement\":\"asterisk-right\"},\"restrictions\":{\"denyEmptySubmission\":{\"enabled\":false}}},\"form_instance\":\"ff_form_instance_5_1\",\"form_id_selector\":\"fluentform_5\",\"rules\":{\"email\":{\"required\":{\"value\":true,\"message\":\"Ovo polje je obavezno\",\"global\":false,\"global_message\":\"This field is required\"},\"email\":{\"value\":true,\"message\":\"Ovo polje mora sadr\\u017eavati valjanu email adresu\",\"global\":false,\"global_message\":\"This field must contain a valid email\"}},\"names[first_name]\":{\"required\":{\"value\":true,\"message\":\"Ovo polje je obavezno\",\"global\":false,\"global_message\":\"This field is required\"}},\"names[middle_name]\":{\"required\":{\"value\":false,\"message\":\"This field is required\",\"global\":false,\"global_message\":\"This field is required\"}},\"names[last_name]\":{\"required\":{\"value\":false,\"message\":\"This field is required\",\"global\":false,\"global_message\":\"This field is required\"}},\"input_text\":{\"required\":{\"value\":false,\"message\":\"This field is required\",\"global_message\":\"This field is required\",\"global\":true}},\"message\":{\"required\":{\"value\":false,\"message\":\"Ovo polje je obavezno\",\"global\":false,\"global_message\":\"This field is required\"}},\"file-upload\":{\"required\":{\"value\":false,\"message\":\"This field is required\",\"global_message\":\"This field is required\",\"global\":true},\"max_file_size\":{\"value\":1048576,\"_valueFrom\":\"MB\",\"message\":\"Validation fails for maximum file size\",\"global_message\":\"Validation fails for maximum file size\",\"global\":true},\"max_file_count\":{\"value\":1,\"message\":\"Validation fails for maximum file count\",\"global_message\":\"Validation fails for maximum file count\",\"global\":true},\"allowed_file_types\":{\"value\":[],\"message\":\"Invalid file type\",\"global_message\":\"Invalid file type\",\"global\":true}},\"cf-turnstile-response\":[]},\"debounce_time\":300};\n                            <\/script>\n            <\/div>\n<\/div><\/div>\n<\/div><\/div>\n<\/section>","protected":false},"excerpt":{"rendered":"<p>Prijevodi dokumenata Vi\u0161e od 10 godina prevoditelji smo od povjerenja za Europsku komisiju, Europski parlament i druge EU institucije. Uspje\u0161no sura\u0111ujemo s brojnim doma\u0107im kompanijama kojima su pri odabiru partnera za prijevode odgovornost i kvaliteta na prvom mjestu. Po\u0161aljite upit Profesionalni prijevodi poslovnih i drugih dokumenata Kad poslujete na me\u0111unarodnoj razini, preciznost je presudna. Od [&hellip;]<\/p>\n","protected":false},"author":1,"featured_media":1186,"parent":0,"menu_order":0,"comment_status":"closed","ping_status":"closed","template":"","meta":{"_acf_changed":false,"_breakdance_hide_in_design_set":false,"_breakdance_tags":"","iawp_total_views":646,"footnotes":""},"class_list":["post-68","page","type-page","status-publish","has-post-thumbnail","hentry"],"acf":[],"_links":{"self":[{"href":"https:\/\/projectus-grupa.hr\/en\/wp-json\/wp\/v2\/pages\/68","targetHints":{"allow":["GET"]}}],"collection":[{"href":"https:\/\/projectus-grupa.hr\/en\/wp-json\/wp\/v2\/pages"}],"about":[{"href":"https:\/\/projectus-grupa.hr\/en\/wp-json\/wp\/v2\/types\/page"}],"author":[{"embeddable":true,"href":"https:\/\/projectus-grupa.hr\/en\/wp-json\/wp\/v2\/users\/1"}],"replies":[{"embeddable":true,"href":"https:\/\/projectus-grupa.hr\/en\/wp-json\/wp\/v2\/comments?post=68"}],"version-history":[{"count":139,"href":"https:\/\/projectus-grupa.hr\/en\/wp-json\/wp\/v2\/pages\/68\/revisions"}],"predecessor-version":[{"id":1736,"href":"https:\/\/projectus-grupa.hr\/en\/wp-json\/wp\/v2\/pages\/68\/revisions\/1736"}],"wp:featuredmedia":[{"embeddable":true,"href":"https:\/\/projectus-grupa.hr\/en\/wp-json\/wp\/v2\/media\/1186"}],"wp:attachment":[{"href":"https:\/\/projectus-grupa.hr\/en\/wp-json\/wp\/v2\/media?parent=68"}],"curies":[{"name":"wp","href":"https:\/\/api.w.org\/{rel}","templated":true}]}}