{"id":998,"date":"2024-12-16T15:32:22","date_gmt":"2024-12-16T15:32:22","guid":{"rendered":"https:\/\/new.projectus-grupa.hr\/?page_id=998"},"modified":"2025-11-12T18:07:21","modified_gmt":"2025-11-12T17:07:21","slug":"certified-translation","status":"publish","type":"page","link":"https:\/\/projectus-grupa.hr\/en\/sudski-tumac\/","title":{"rendered":"Certified Translation"},"content":{"rendered":"<section class=\"bde-section-998-101 bde-section\">\n  \n  \n\t\n\n\n\n<div class=\"section-container\"><div class=\"bde-div-998-102 bde-div\">\n  \n  \n\t\n\n\n\n\n<\/div><div class=\"bde-div-998-103 bde-div\">\n  \n  \n\t\n\n\n\n\n<\/div><div class=\"bde-div-998-104 bde-div\">\n  \n  \n\t\n\n\n\n<div class=\"bde-div-998-105 bde-div\">\n  \n  \n\t\n\n\n\n<div class=\"bde-div-998-106 bde-div\">\n  \n  \n\t\n\n\n\n<h1 class=\"bde-heading-998-107 bde-heading\">\nOvjereni prijevodi privatnih i poslovnih dokumenata\n<\/h1>\n<\/div><div class=\"bde-div-998-148 bde-div\">\n  \n  \n\t\n\n\n\n<div class=\"bde-text-998-109 bde-text\">\nPotreban vam je prijevod slu\u017ebenih dokumenata s ovjerom sudskog tuma\u010da? Po\u0161aljite nam svoje osobne ili poslovne dokumente, a na\u0161i sudski tuma\u010di profesionalno \u0107e ih prevesti i ovjeriti svojim potpisom i pe\u010datom.<br><br>Prije po\u010detka dobit \u0107ete besplatnu procjenu cijene i roka isporuke. Dokumente primamo elektroni\u010dki ili u uredu, a isporuka je digitalna i\/ili tiskana s pe\u010datom. Po\u0161tujemo povjerljivost i za\u0161titu podataka.\n<\/div><a class=\"bde-container-link-998-112 bde-container-link breakdance-link\" href=\"https:\/\/projectus-grupa.hr\/sudski-tumac\/#kontakt\" target=\"_self\" data-type=\"url\">\n  \n  \n\t\n\n\n\n<div class=\"bde-div-998-113 bde-div\">\n  \n  \n\t\n\n\n\n<div class=\"bde-text-998-114 bde-text\">\nPO\u0160ALJITE UPIT\n<\/div>\n<\/div>\n\n<\/a>\n<\/div>\n<\/div><div class=\"bde-div-998-110 bde-div\">\n  \n  \n\t\n\n\n\n<div class=\"bde-image-998-111 bde-image\">\n<figure class=\"breakdance-image breakdance-image--1289\">\n\t<div class=\"breakdance-image-container\">\n\t\t<div class=\"breakdance-image-clip\"><img loading=\"lazy\" decoding=\"async\" class=\"breakdance-image-object\" src=\"https:\/\/projectus-grupa.hr\/wp-content\/uploads\/2025\/01\/04-sudski-tumac-1.webp\" width=\"800\" height=\"531\" srcset=\"https:\/\/projectus-grupa.hr\/wp-content\/uploads\/2025\/01\/04-sudski-tumac-1.webp 800w, https:\/\/projectus-grupa.hr\/wp-content\/uploads\/2025\/01\/04-sudski-tumac-1-300x199.webp 300w, https:\/\/projectus-grupa.hr\/wp-content\/uploads\/2025\/01\/04-sudski-tumac-1-768x510.webp 768w, https:\/\/projectus-grupa.hr\/wp-content\/uploads\/2025\/01\/04-sudski-tumac-1-18x12.webp 18w\" sizes=\"auto, (max-width: 800px) 100vw, 800px\"><\/div>\n\t<\/div><\/figure>\n\n<\/div>\n<\/div>\n<\/div><\/div>\n<\/section><section class=\"bde-section-998-115 bde-section\">\n  \n  \n\t\n\n\n\n<div class=\"section-container\"><div class=\"bde-div-998-177 bde-div\">\n  \n  \n\t\n\n\n\n<h2 class=\"bde-heading-998-178 bde-heading\">\nTko je sudski tuma\u010d?\n<\/h2><div class=\"bde-div-998-179 bde-div\">\n  \n  \n\t\n\n\n\n<div class=\"bde-rich-text-998-180 bde-rich-text breakdance-rich-text-styles\">\n<p>Sudski tuma\u010d je prevoditelj kojeg je Ministarstvo pravosu\u0111a ovlastilo da svojim potpisom i pe\u010datom jam\u010di istovjetnost prevedenog teksta i izvornika. Sudovi i druga tijela takav prijevod s ovjerom sudskog tuma\u010da priznaju kao slu\u017ebeni dokument.<\/p>\n<\/div>\n<\/div>\n<\/div><div class=\"bde-div-998-181 bde-div\">\n  \n  \n\t\n\n\n\n<h2 class=\"bde-heading-998-182 bde-heading\">\nKad je potreban ovjereni prijevod?\n<\/h2><div class=\"bde-div-998-183 bde-div\">\n  \n  \n\t\n\n\n\n<div class=\"bde-rich-text-998-184 bde-rich-text breakdance-rich-text-styles\">\n<p>Ovjereni prijevod potreban je u svim situacijama kad se slu\u017ebeni dokumenti koriste u pravnim, administrativnim ili me\u0111unarodnim postupcima i kad institucije tra\u017ee priznat i vjerodostojan prijevod.<\/p>\n<\/div>\n<\/div>\n<\/div><div class=\"bde-div-998-185 bde-div\">\n  \n  \n\t\n\n\n\n<h2 class=\"bde-heading-998-186 bde-heading\">\nNaj\u010de\u0161\u0107i dokumenti:\n<\/h2><div class=\"bde-div-998-187 bde-div\">\n  \n  \n\t\n\n\n\n<div class=\"bde-rich-text-998-188 bde-rich-text breakdance-rich-text-styles\">\n<ul>\n<li>upis na strano sveu\u010dili\u0161te \u2013 svjedod\u017eba, diplome, prijepis ocjena<\/li>\n<li>zapo\u0161ljavanje u inozemstvu \u2013 potvrda o kvalifikacijama, uvjerenje o neka\u017enjavanju, rodni list<\/li>\n<li>sklapanje braka u inozemstvu \u2013 potvrda o slobodnom bra\u010dnom stanju<\/li>\n<li>kori\u0161tenje strane dokumentacije pred hrvatskim institucijama \u2013 sudske presude, medicinska dokumentacija, porezne potvrde, rje\u0161enje o naslje\u0111ivanju<\/li>\n<li>registracija poduze\u0107a ili poslovanje u inozemstvu \u2013 izvadak iz sudskog registra, osniva\u010dki akti, ugovori<\/li>\n<\/ul>\n\n\n<\/div><div class=\"bde-rich-text-998-189 bde-rich-text breakdance-rich-text-styles\">\n<p>Va\u0161 dokument nije me\u0111u navedenima? Po\u0161aljite nam i pomo\u0107i \u0107emo vam da dobijete sve \u0161to vam je potrebno. Dostava u digitalnom i tiskanom obliku.<\/p>\n<\/div>\n<\/div>\n<\/div><\/div>\n<\/section><section class=\"bde-section-998-200 bde-section\">\n  \n  \n\t\n\n\n\n<div class=\"section-container\"><div class=\"bde-div-998-201 bde-div\">\n  \n  \n\t\n\n\n\n<div class=\"bde-columns-998-202 bde-columns\"><div class=\"bde-column-998-203 bde-column\">\n  \n  \n\t\n\n\n\n<h2 class=\"bde-heading-998-204 bde-heading\">\nKako do ovjerenog prijevoda?\n<\/h2><div class=\"bde-rich-text-998-212 bde-rich-text breakdance-rich-text-styles\">\n<ol>\n<li>Po\u0161aljite nam dokument (PDF, slika, sken) ili nas posjetite u na\u0161em uredu.<\/li>\n<li>Dobivate ponudu s cijenom i rokom isporuke \u2013 besplatno i bez obveze.<\/li>\n<li>Potvr\u0111ujete ponudu i na\u0161i sudski tuma\u010di prevode va\u0161 dokument i ovjeravaju prijevod.<\/li>\n<li>Preuzimate ovjereni prijevod u digitalnom obliku (sken s pe\u010datom) i\/ili fizi\u010dki primjerak s pe\u010datom \u2013 osobno ili po\u0161tom.<\/li>\n<\/ol>\n<\/div><div class=\"bde-rich-text-998-213 bde-rich-text breakdance-rich-text-styles\">\n\n\n<\/div>\n<\/div><div class=\"bde-column-998-210 bde-column\">\n  \n  \n\t\n\n\n\n<div class=\"bde-image-998-211 bde-image\">\n<figure class=\"breakdance-image breakdance-image--1690\">\n\t<div class=\"breakdance-image-container\">\n\t\t<div class=\"breakdance-image-clip\"><img loading=\"lazy\" decoding=\"async\" class=\"breakdance-image-object\" src=\"https:\/\/projectus-grupa.hr\/wp-content\/uploads\/2025\/10\/sudski-tumac-ovjereni-prijevod.webp\" width=\"1000\" height=\"667\" srcset=\"https:\/\/projectus-grupa.hr\/wp-content\/uploads\/2025\/10\/sudski-tumac-ovjereni-prijevod.webp 1000w, https:\/\/projectus-grupa.hr\/wp-content\/uploads\/2025\/10\/sudski-tumac-ovjereni-prijevod-300x200.webp 300w, https:\/\/projectus-grupa.hr\/wp-content\/uploads\/2025\/10\/sudski-tumac-ovjereni-prijevod-768x512.webp 768w, https:\/\/projectus-grupa.hr\/wp-content\/uploads\/2025\/10\/sudski-tumac-ovjereni-prijevod-18x12.webp 18w\" sizes=\"auto, (max-width: 1000px) 100vw, 1000px\"><\/div>\n\t<\/div><\/figure>\n\n<\/div>\n<\/div><\/div>\n<\/div><\/div>\n<\/section><section class=\"bde-section-998-214 bde-section\">\n  \n  \n\t\n\n\n\n<div class=\"section-container\"><div class=\"bde-div-998-215 bde-div\">\n  \n  \n\t\n\n\n\n<div class=\"bde-columns-998-216 bde-columns\"><div class=\"bde-column-998-221 bde-column\">\n  \n  \n\t\n\n\n\n<div class=\"bde-image-998-222 bde-image\">\n<figure class=\"breakdance-image breakdance-image--1691\">\n\t<div class=\"breakdance-image-container\">\n\t\t<div class=\"breakdance-image-clip\"><img loading=\"lazy\" decoding=\"async\" class=\"breakdance-image-object\" src=\"https:\/\/projectus-grupa.hr\/wp-content\/uploads\/2025\/10\/sudski-tumac-jezici.webp\" width=\"1000\" height=\"310\" srcset=\"https:\/\/projectus-grupa.hr\/wp-content\/uploads\/2025\/10\/sudski-tumac-jezici.webp 1000w, https:\/\/projectus-grupa.hr\/wp-content\/uploads\/2025\/10\/sudski-tumac-jezici-300x93.webp 300w, https:\/\/projectus-grupa.hr\/wp-content\/uploads\/2025\/10\/sudski-tumac-jezici-768x238.webp 768w, https:\/\/projectus-grupa.hr\/wp-content\/uploads\/2025\/10\/sudski-tumac-jezici-18x6.webp 18w\" sizes=\"auto, (max-width: 1000px) 100vw, 1000px\"><\/div>\n\t<\/div><\/figure>\n\n<\/div>\n<\/div><div class=\"bde-column-998-217 bde-column\">\n  \n  \n\t\n\n\n\n<h2 class=\"bde-heading-998-223 bde-heading\">\nJezici\n<\/h2><div class=\"bde-rich-text-998-224 bde-rich-text breakdance-rich-text-styles\">\n<p>Na\u0161i iskusni sudski tuma\u010di pokrivaju ve\u0107inu europskih jezika: engleski, njema\u010dki, talijanski, francuski, \u0161panjolski, nizozemski, slovenski, \u010de\u0161ki, slova\u010dki, poljski, srpski, bosanski, makedonski i druge jezi\u010dne kombinacije.<\/p>\n\n<p>Imamo i prevoditelje za usko specijalizirana podru\u010dja kao \u0161to su pravo, medicina i tehnika. Jam\u010dimo kvalitetu, povjerljivost i stru\u010dnost.<\/p>\n<\/div>\n<\/div><\/div>\n<\/div><\/div>\n<\/section><section class=\"bde-section-998-173 bde-section\">\n  \n  \n\t\n\n\n\n<div class=\"section-container\"><div class=\"bde-fancy-testimonial-998-174 bde-fancy-testimonial\">\n<div class='bde-fancy-testimonial_content'>\n    <div class='bde-fancy-testimonial_title' >\n    Iskustvo korisnika\n  <\/div>\n  \n  <div class='bde-fancy-testimonial_text'>\n        <div class=\"bde-fancy-testimonial_quote\" aria-hidden=\"true\"><svg xmlns=\"http:\/\/www.w3.org\/2000\/svg\" id=\"icon-quotes-left\" viewBox=\"0 0 32 32\">\r\n<path d=\"M7.031 14c3.866 0 7 3.134 7 7s-3.134 7-7 7-7-3.134-7-7l-0.031-1c0-7.732 6.268-14 14-14v4c-2.671 0-5.182 1.040-7.071 2.929-0.364 0.364-0.695 0.751-0.995 1.157 0.357-0.056 0.724-0.086 1.097-0.086zM25.031 14c3.866 0 7 3.134 7 7s-3.134 7-7 7-7-3.134-7-7l-0.031-1c0-7.732 6.268-14 14-14v4c-2.671 0-5.182 1.040-7.071 2.929-0.364 0.364-0.695 0.751-0.995 1.157 0.358-0.056 0.724-0.086 1.097-0.086z\"\/>\r\n<\/svg><\/div>\n    <div class=\"bde-fancy-testimonial_quote\" aria-hidden=\"true\"><svg xmlns=\"http:\/\/www.w3.org\/2000\/svg\" id=\"icon-quotes-left\" viewBox=\"0 0 32 32\">\r\n<path d=\"M7.031 14c3.866 0 7 3.134 7 7s-3.134 7-7 7-7-3.134-7-7l-0.031-1c0-7.732 6.268-14 14-14v4c-2.671 0-5.182 1.040-7.071 2.929-0.364 0.364-0.695 0.751-0.995 1.157 0.357-0.056 0.724-0.086 1.097-0.086zM25.031 14c3.866 0 7 3.134 7 7s-3.134 7-7 7-7-3.134-7-7l-0.031-1c0-7.732 6.268-14 14-14v4c-2.671 0-5.182 1.040-7.071 2.929-0.364 0.364-0.695 0.751-0.995 1.157 0.358-0.056 0.724-0.086 1.097-0.086z\"\/>\r\n<\/svg><\/div>\n        <p  class='bde-fancy-testimonial_text_text'>The translation quality was outstanding, and the turnaround time was incredibly fast. Highly professional service!<\/p>\n  <\/div>\n              <div class='bde-fancy-testimonial_rate' role=\"img\" aria-label=\"5 out of 5 stars\">\n                          <svg aria-hidden=\"true\" xmlns=\"http:\/\/www.w3.org\/2000\/svg\" viewBox=\"0 0 576 512\"><path d=\"M259.3 17.8L194 150.2 47.9 171.5c-26.2 3.8-36.7 36.1-17.7 54.6l105.7 103-25 145.5c-4.5 26.3 23.2 46 46.4 33.7L288 439.6l130.7 68.7c23.2 12.2 50.9-7.4 46.4-33.7l-25-145.5 105.7-103c19-18.5 8.5-50.8-17.7-54.6L382 150.2 316.7 17.8c-11.7-23.6-45.6-23.9-57.4 0z\"\/><\/svg>\n\n                                  <svg aria-hidden=\"true\" xmlns=\"http:\/\/www.w3.org\/2000\/svg\" viewBox=\"0 0 576 512\"><path d=\"M259.3 17.8L194 150.2 47.9 171.5c-26.2 3.8-36.7 36.1-17.7 54.6l105.7 103-25 145.5c-4.5 26.3 23.2 46 46.4 33.7L288 439.6l130.7 68.7c23.2 12.2 50.9-7.4 46.4-33.7l-25-145.5 105.7-103c19-18.5 8.5-50.8-17.7-54.6L382 150.2 316.7 17.8c-11.7-23.6-45.6-23.9-57.4 0z\"\/><\/svg>\n\n                                  <svg aria-hidden=\"true\" xmlns=\"http:\/\/www.w3.org\/2000\/svg\" viewBox=\"0 0 576 512\"><path d=\"M259.3 17.8L194 150.2 47.9 171.5c-26.2 3.8-36.7 36.1-17.7 54.6l105.7 103-25 145.5c-4.5 26.3 23.2 46 46.4 33.7L288 439.6l130.7 68.7c23.2 12.2 50.9-7.4 46.4-33.7l-25-145.5 105.7-103c19-18.5 8.5-50.8-17.7-54.6L382 150.2 316.7 17.8c-11.7-23.6-45.6-23.9-57.4 0z\"\/><\/svg>\n\n                                  <svg aria-hidden=\"true\" xmlns=\"http:\/\/www.w3.org\/2000\/svg\" viewBox=\"0 0 576 512\"><path d=\"M259.3 17.8L194 150.2 47.9 171.5c-26.2 3.8-36.7 36.1-17.7 54.6l105.7 103-25 145.5c-4.5 26.3 23.2 46 46.4 33.7L288 439.6l130.7 68.7c23.2 12.2 50.9-7.4 46.4-33.7l-25-145.5 105.7-103c19-18.5 8.5-50.8-17.7-54.6L382 150.2 316.7 17.8c-11.7-23.6-45.6-23.9-57.4 0z\"\/><\/svg>\n\n                                  <svg aria-hidden=\"true\" xmlns=\"http:\/\/www.w3.org\/2000\/svg\" viewBox=\"0 0 576 512\"><path d=\"M259.3 17.8L194 150.2 47.9 171.5c-26.2 3.8-36.7 36.1-17.7 54.6l105.7 103-25 145.5c-4.5 26.3 23.2 46 46.4 33.7L288 439.6l130.7 68.7c23.2 12.2 50.9-7.4 46.4-33.7l-25-145.5 105.7-103c19-18.5 8.5-50.8-17.7-54.6L382 150.2 316.7 17.8c-11.7-23.6-45.6-23.9-57.4 0z\"\/><\/svg>\n\n                  <\/div>\n      <div class='bde-fancy-testimonial_name' >\n    Sandra Buchholz\n  <\/div>\n      <div class='bde-fancy-testimonial_occupation' >\n    Sundair GmbH\n  <\/div>\n    <\/div>\n\n<\/div><\/div>\n<\/section><section id=\"kontakt\" class=\"bde-section-998-164 bde-section\">\n  \n  \n\t\n\n\n\n<div class=\"section-container\"><div class=\"bde-div-998-165 bde-div\">\n  \n  \n\t\n\n\n\n<div class=\"bde-columns-998-166 bde-columns\"><div class=\"bde-column-998-167 bde-column\">\n  \n  \n\t\n\n\n\n<h3 class=\"bde-heading-998-168 bde-heading\">\nZanima vas neka od usluga?\n<\/h3><div class=\"bde-text-998-175 bde-text\">\nIspunite obrazac i javiti \u0107emo vam se u najkra\u0107em roku.\n<\/div>\n<\/div><div class=\"bde-column-998-170 bde-column\">\n  \n  \n\t\n\n\n\n<div class=\"bde-code-block-998-172 bde-code-block\">\n\n\n\n<\/div><div class=\"bde-shortcode-998-171 bde-shortcode\"><div class='fluentform ff-default fluentform_wrapper_5 ffs_custom_wrap'><form data-form_id=\"5\" id=\"fluentform_5\" class=\"frm-fluent-form fluent_form_5 ff-el-form-top ff_form_instance_5_1 ff-form-loading ffs_custom\" data-form_instance=\"ff_form_instance_5_1\" method=\"POST\" data-turnstile_key=\"0x4AAAAAAA_glxG7bOFt0OWL\" ><fieldset  style=\"border: none!important;margin: 0!important;padding: 0!important;background-color: transparent!important;box-shadow: none!important;outline: none!important; min-inline-size: 100%;\">\n                    <legend class=\"ff_screen_reader_title\" style=\"display: block; margin: 0!important;padding: 0!important;height: 0!important;text-indent: -999999px;width: 0!important;overflow:hidden;\">Kontakt forma Usluga<\/legend><input type='hidden' name='__fluent_form_embded_post_id' value='998' \/><input type=\"hidden\" id=\"_fluentform_5_fluentformnonce\" name=\"_fluentform_5_fluentformnonce\" value=\"ffc65829b9\" \/><input type=\"hidden\" name=\"_wp_http_referer\" value=\"\/en\/wp-json\/wp\/v2\/pages\/998\" \/><div class='ff-el-group'><div class=\"ff-el-input--label ff-el-is-required asterisk-right\"><label for='ff_5_email' id='label_ff_5_email' aria-label=\"Email\">Email<\/label><\/div><div class='ff-el-input--content'><input type=\"email\" name=\"email\" id=\"ff_5_email\" class=\"ff-el-form-control\" data-name=\"email\"  aria-invalid=\"false\" aria-required=true><\/div><\/div><div data-type=\"name-element\" data-name=\"names\" class=\" ff-field_container ff-name-field-wrapper\" ><div class='ff-t-container'><div class='ff-t-cell '><div class='ff-el-group'><div class=\"ff-el-input--label ff-el-is-required asterisk-right\"><label for='ff_5_names_first_name_' id='label_ff_5_names_first_name_' >Ime i prezime<\/label><\/div><div class='ff-el-input--content'><input type=\"text\" name=\"names[first_name]\" id=\"ff_5_names_first_name_\" class=\"ff-el-form-control\" aria-invalid=\"false\" aria-required=true><\/div><\/div><\/div><\/div><\/div><div class='ff-el-group'><div class=\"ff-el-input--label asterisk-right\"><label for='ff_5_input_text' id='label_ff_5_input_text' aria-label=\"Telefon\">Telefon<\/label><\/div><div class='ff-el-input--content'><input type=\"text\" name=\"input_text\" class=\"ff-el-form-control\" data-name=\"input_text\" id=\"ff_5_input_text\"  aria-invalid=\"false\" aria-required=false><\/div><\/div><div class='ff-el-group'><div class=\"ff-el-input--label asterisk-right\"><label for='ff_5_message' id='label_ff_5_message' aria-label=\"Va\u0161a poruka\">Va\u0161a poruka<\/label><\/div><div class='ff-el-input--content'><textarea aria-required=\"false\" aria-labelledby=\"label_ff_5_message\" name=\"message\" id=\"ff_5_message\" class=\"ff-el-form-control\" rows=\"4\" cols=\"2\" data-name=\"message\" ><\/textarea><\/div><\/div><div class='ff-el-group'><div class='ff-el-input--content'><label for='ff_5_file-upload_1' class='ff_file_upload_holder'><span class='ff_upload_btn ff-btn' tabindex='0'>Odaberite datoteku<\/span> <input type=\"file\" name=\"file-upload\" id=\"ff_5_file-upload_1\" class=\"ff-el-form-control  ff-screen-reader-element\" data-name=\"file-upload\" multiple=\"1\"  aria-invalid='false' aria-required=false><\/label><\/div><\/div><div class='ff-el-group ' ><div class='ff-el-input--label'><label>Antispam za\u0161tita<\/label><\/div><div class='ff-el-input--content'><div data-fluent_id='5' name='cf-turnstile-response'><div\n\t\tdata-sitekey='0x4AAAAAAA_glxG7bOFt0OWL'\n\t\tdata-theme='auto'\n\t\tid='fluentform-turnstile-5-1'\n\t\tclass='ff-el-turnstile cf-turnstile'\n\t\tdata-appearance='always'><\/div><\/div><\/div><\/div><div class='ff-el-group ff-text-left ff_submit_btn_wrapper'><button type=\"submit\" class=\"ff-btn ff-btn-submit ff-btn-md ff_btn_style wpf_has_custom_css\"  aria-label=\"Po\u0161alji upit\">Po\u0161alji upit<\/button><\/div><\/fieldset><\/form><div id='fluentform_5_errors' class='ff-errors-in-stack ff_form_instance_5_1 ff-form-loading_errors ff_form_instance_5_1_errors'><\/div><\/div>            <script type=\"text\/javascript\">\n                window.fluent_form_ff_form_instance_5_1 = {\"id\":\"5\",\"settings\":{\"layout\":{\"labelPlacement\":\"top\",\"helpMessagePlacement\":\"with_label\",\"errorMessagePlacement\":\"inline\",\"cssClassName\":\"\",\"asteriskPlacement\":\"asterisk-right\"},\"restrictions\":{\"denyEmptySubmission\":{\"enabled\":false}}},\"form_instance\":\"ff_form_instance_5_1\",\"form_id_selector\":\"fluentform_5\",\"rules\":{\"email\":{\"required\":{\"value\":true,\"message\":\"Ovo polje je obavezno\",\"global\":false,\"global_message\":\"This field is required\"},\"email\":{\"value\":true,\"message\":\"Ovo polje mora sadr\\u017eavati valjanu email adresu\",\"global\":false,\"global_message\":\"This field must contain a valid email\"}},\"names[first_name]\":{\"required\":{\"value\":true,\"message\":\"Ovo polje je obavezno\",\"global\":false,\"global_message\":\"This field is required\"}},\"names[middle_name]\":{\"required\":{\"value\":false,\"message\":\"This field is required\",\"global\":false,\"global_message\":\"This field is required\"}},\"names[last_name]\":{\"required\":{\"value\":false,\"message\":\"This field is required\",\"global\":false,\"global_message\":\"This field is required\"}},\"input_text\":{\"required\":{\"value\":false,\"message\":\"This field is required\",\"global_message\":\"This field is required\",\"global\":true}},\"message\":{\"required\":{\"value\":false,\"message\":\"Ovo polje je obavezno\",\"global\":false,\"global_message\":\"This field is required\"}},\"file-upload\":{\"required\":{\"value\":false,\"message\":\"This field is required\",\"global_message\":\"This field is required\",\"global\":true},\"max_file_size\":{\"value\":1048576,\"_valueFrom\":\"MB\",\"message\":\"Validation fails for maximum file size\",\"global_message\":\"Validation fails for maximum file size\",\"global\":true},\"max_file_count\":{\"value\":1,\"message\":\"Validation fails for maximum file count\",\"global_message\":\"Validation fails for maximum file count\",\"global\":true},\"allowed_file_types\":{\"value\":[],\"message\":\"Invalid file type\",\"global_message\":\"Invalid file type\",\"global\":true}},\"cf-turnstile-response\":[]},\"debounce_time\":300};\n                            <\/script>\n            <\/div>\n<\/div><\/div>\n<\/div><\/div>\n<\/section><section class=\"bde-section-998-150 bde-section\">\n  \n  \n\t\n\n\n\n<div class=\"section-container\"><div class=\"bde-div-998-151 bde-div\">\n  \n  \n\t\n\n\n\n<div class=\"bde-div-998-152 bde-div\">\n  \n  \n\t\n\n\n\n<div class=\"bde-image-998-153 bde-image\">\n<figure class=\"breakdance-image breakdance-image--1181\">\n\t<div class=\"breakdance-image-container\">\n\t\t<div class=\"breakdance-image-clip\"><img decoding=\"async\" class=\"breakdance-image-object\" src=\"https:\/\/projectus-grupa.hr\/wp-content\/uploads\/2025\/01\/ikona-usklicnik.svg\" width=\"\" height=\"\"><\/div>\n\t<\/div><\/figure>\n\n<\/div><h3 class=\"bde-heading-998-154 bde-heading\">\nGarantiramo kvalitetu i vrhunske rezultate\n<\/h3><div class=\"bde-div-998-155 bde-div\">\n  \n  \n\t\n\n\n\n<div class=\"bde-text-998-156 bde-text\">\nSlijedimo strogi sustav kvalitete prema normama ISO 9001 i ISO 17100 u kojem svaki prijevod pregledava i ure\u0111uje drugi prevoditelj (jezi\u010dni redaktor), a svi prevoditelji moraju imati odgovaraju\u0107e kvalifikacije i iskustvo.\n<\/div>\n<\/div><div class=\"bde-image-998-157 bde-image\">\n<figure class=\"breakdance-image breakdance-image--1198\">\n\t<div class=\"breakdance-image-container\">\n\t\t<div class=\"breakdance-image-clip\"><img loading=\"lazy\" decoding=\"async\" class=\"breakdance-image-object\" src=\"https:\/\/projectus-grupa.hr\/wp-content\/uploads\/2025\/01\/BV-Certification-ISO9001-ISO17100-PNG.png\" width=\"500\" height=\"250\" srcset=\"https:\/\/projectus-grupa.hr\/wp-content\/uploads\/2025\/01\/BV-Certification-ISO9001-ISO17100-PNG.png 500w, https:\/\/projectus-grupa.hr\/wp-content\/uploads\/2025\/01\/BV-Certification-ISO9001-ISO17100-PNG-300x150.png 300w, https:\/\/projectus-grupa.hr\/wp-content\/uploads\/2025\/01\/BV-Certification-ISO9001-ISO17100-PNG-18x9.png 18w\" sizes=\"auto, (max-width: 500px) 100vw, 500px\"><\/div>\n\t<\/div><\/figure>\n\n<\/div>\n<\/div>\n<\/div><\/div>\n<\/section>","protected":false},"excerpt":{"rendered":"<p>Ovjereni prijevodi privatnih i poslovnih dokumenata Potreban vam je prijevod slu\u017ebenih dokumenata s ovjerom sudskog tuma\u010da? Po\u0161aljite nam svoje osobne ili poslovne dokumente, a na\u0161i sudski tuma\u010di profesionalno \u0107e ih prevesti i ovjeriti svojim potpisom i pe\u010datom.Prije po\u010detka dobit \u0107ete besplatnu procjenu cijene i roka isporuke. Dokumente primamo elektroni\u010dki ili u uredu, a isporuka je [&hellip;]<\/p>\n","protected":false},"author":1,"featured_media":1289,"parent":0,"menu_order":0,"comment_status":"closed","ping_status":"closed","template":"","meta":{"_acf_changed":false,"_breakdance_hide_in_design_set":false,"_breakdance_tags":"","iawp_total_views":331,"footnotes":""},"class_list":["post-998","page","type-page","status-publish","has-post-thumbnail","hentry"],"acf":[],"_links":{"self":[{"href":"https:\/\/projectus-grupa.hr\/en\/wp-json\/wp\/v2\/pages\/998","targetHints":{"allow":["GET"]}}],"collection":[{"href":"https:\/\/projectus-grupa.hr\/en\/wp-json\/wp\/v2\/pages"}],"about":[{"href":"https:\/\/projectus-grupa.hr\/en\/wp-json\/wp\/v2\/types\/page"}],"author":[{"embeddable":true,"href":"https:\/\/projectus-grupa.hr\/en\/wp-json\/wp\/v2\/users\/1"}],"replies":[{"embeddable":true,"href":"https:\/\/projectus-grupa.hr\/en\/wp-json\/wp\/v2\/comments?post=998"}],"version-history":[{"count":74,"href":"https:\/\/projectus-grupa.hr\/en\/wp-json\/wp\/v2\/pages\/998\/revisions"}],"predecessor-version":[{"id":1738,"href":"https:\/\/projectus-grupa.hr\/en\/wp-json\/wp\/v2\/pages\/998\/revisions\/1738"}],"wp:featuredmedia":[{"embeddable":true,"href":"https:\/\/projectus-grupa.hr\/en\/wp-json\/wp\/v2\/media\/1289"}],"wp:attachment":[{"href":"https:\/\/projectus-grupa.hr\/en\/wp-json\/wp\/v2\/media?parent=998"}],"curies":[{"name":"wp","href":"https:\/\/api.w.org\/{rel}","templated":true}]}}